{"id":9968,"date":"2024-06-29T09:51:00","date_gmt":"2024-06-29T09:51:00","guid":{"rendered":"https:\/\/staging1.zasklada.bg\/produkt\/raft-din-otel-inoxidabil-super-strong-180-80-40cm-4-nivele\/"},"modified":"2024-11-13T14:06:47","modified_gmt":"2024-11-13T14:06:47","slug":"raft-din-otel-inoxidabil-super-strong-180-80-40cm-4-nivele","status":"publish","type":"product","link":"https:\/\/staging1.zasklada.bg\/ro\/produkt\/raft-din-otel-inoxidabil-super-strong-180-80-40cm-4-nivele\/","title":{"rendered":"Raft din otel inoxidabil SUPER STRONG 180\/80\/40cm 4 nivele"},"content":{"rendered":"<ul>\n<li>Suport metalic din o\u021bel inoxidabil SUPER STRONG<\/li>\n<li>Potrivit pentru utilizarea profesional\u0103 \u00een buc\u0103t\u0103rie sau \u00een camera frigorific\u0103<\/li>\n<li>Sarcina maxim\u0103 pe raft: 150 kg<\/li>\n<li>Rezisten\u021b\u0103 la temperatur\u0103 -80 p\u00e2n\u0103 la +50 \u00b0C<\/li>\n<\/ul>\n","protected":false},"excerpt":{"rendered":"<p>Suport metalic din o\u021bel inoxidabil SUPER STRONG Potrivit pentru utilizarea profesional\u0103 \u00een buc\u0103t\u0103rie sau \u00een camera frigorific\u0103 Sarcina maxim\u0103 pe [&hellip;]<\/p>\n","protected":false},"featured_media":12719,"comment_status":"closed","ping_status":"closed","template":"","meta":{"site-sidebar-layout":"default","site-content-layout":"","ast-site-content-layout":"default","site-content-style":"default","site-sidebar-style":"default","ast-global-header-display":"","ast-banner-title-visibility":"","ast-main-header-display":"","ast-hfb-above-header-display":"","ast-hfb-below-header-display":"","ast-hfb-mobile-header-display":"","site-post-title":"","ast-breadcrumbs-content":"","ast-featured-img":"","footer-sml-layout":"","theme-transparent-header-meta":"default","adv-header-id-meta":"","stick-header-meta":"","header-above-stick-meta":"","header-main-stick-meta":"","header-below-stick-meta":"","astra-migrate-meta-layouts":"default","ast-page-background-enabled":"default","ast-page-background-meta":{"desktop":{"background-color":"var(--ast-global-color-4)","background-image":"","background-repeat":"repeat","background-position":"center center","background-size":"auto","background-attachment":"scroll","background-type":"","background-media":"","overlay-type":"","overlay-color":"","overlay-opacity":"","overlay-gradient":""},"tablet":{"background-color":"","background-image":"","background-repeat":"repeat","background-position":"center center","background-size":"auto","background-attachment":"scroll","background-type":"","background-media":"","overlay-type":"","overlay-color":"","overlay-opacity":"","overlay-gradient":""},"mobile":{"background-color":"","background-image":"","background-repeat":"repeat","background-position":"center center","background-size":"auto","background-attachment":"scroll","background-type":"","background-media":"","overlay-type":"","overlay-color":"","overlay-opacity":"","overlay-gradient":""}},"ast-content-background-meta":{"desktop":{"background-color":"var(--ast-global-color-5)","background-image":"","background-repeat":"repeat","background-position":"center center","background-size":"auto","background-attachment":"scroll","background-type":"","background-media":"","overlay-type":"","overlay-color":"","overlay-opacity":"","overlay-gradient":""},"tablet":{"background-color":"var(--ast-global-color-5)","background-image":"","background-repeat":"repeat","background-position":"center center","background-size":"auto","background-attachment":"scroll","background-type":"","background-media":"","overlay-type":"","overlay-color":"","overlay-opacity":"","overlay-gradient":""},"mobile":{"background-color":"var(--ast-global-color-5)","background-image":"","background-repeat":"repeat","background-position":"center center","background-size":"auto","background-attachment":"scroll","background-type":"","background-media":"","overlay-type":"","overlay-color":"","overlay-opacity":"","overlay-gradient":""}}},"product_brand":[],"product_cat":[101,103,104,77],"product_tag":[],"class_list":{"0":"post-9968","1":"product","2":"type-product","3":"status-publish","4":"has-post-thumbnail","6":"product_cat-150-kg","7":"product_cat-rafturi-din-inox","8":"product_cat-rafturi-din-otel-inoxidabil","9":"product_cat-toate-rafturile","10":"desktop-align-left","11":"tablet-align-left","12":"mobile-align-left","14":"first","15":"instock","16":"sale","17":"shipping-taxable","18":"purchasable","19":"product-type-simple"},"_links":{"self":[{"href":"https:\/\/staging1.zasklada.bg\/ro\/wp-json\/wp\/v2\/product\/9968","targetHints":{"allow":["GET"]}}],"collection":[{"href":"https:\/\/staging1.zasklada.bg\/ro\/wp-json\/wp\/v2\/product"}],"about":[{"href":"https:\/\/staging1.zasklada.bg\/ro\/wp-json\/wp\/v2\/types\/product"}],"replies":[{"embeddable":true,"href":"https:\/\/staging1.zasklada.bg\/ro\/wp-json\/wp\/v2\/comments?post=9968"}],"wp:featuredmedia":[{"embeddable":true,"href":"https:\/\/staging1.zasklada.bg\/ro\/wp-json\/wp\/v2\/media\/12719"}],"wp:attachment":[{"href":"https:\/\/staging1.zasklada.bg\/ro\/wp-json\/wp\/v2\/media?parent=9968"}],"wp:term":[{"taxonomy":"product_brand","embeddable":true,"href":"https:\/\/staging1.zasklada.bg\/ro\/wp-json\/wp\/v2\/product_brand?post=9968"},{"taxonomy":"product_cat","embeddable":true,"href":"https:\/\/staging1.zasklada.bg\/ro\/wp-json\/wp\/v2\/product_cat?post=9968"},{"taxonomy":"product_tag","embeddable":true,"href":"https:\/\/staging1.zasklada.bg\/ro\/wp-json\/wp\/v2\/product_tag?post=9968"}],"curies":[{"name":"wp","href":"https:\/\/api.w.org\/{rel}","templated":true}]}}