{"id":9906,"date":"2024-09-06T08:01:55","date_gmt":"2024-09-06T08:01:55","guid":{"rendered":"https:\/\/staging1.zasklada.bg\/produkt\/suport-metalic-super-strong-200-166-80cm-300kg\/"},"modified":"2024-11-13T07:47:26","modified_gmt":"2024-11-13T07:47:26","slug":"suport-metalic-super-strong-200-166-80cm-300kg","status":"publish","type":"product","link":"https:\/\/staging1.zasklada.bg\/ro\/produkt\/suport-metalic-super-strong-200-166-80cm-300kg\/","title":{"rendered":"Suport metalic Super Strong 200\/166\/80cm 300kg"},"content":{"rendered":"<p>Rack metalic din seria Super Strong 300kg.<\/p>\n<p>Potrivit pentru:<\/p>\n<ul>\n<li>sarcini medii grele<\/li>\n<li>toate tipurile de m\u0103rfuri, at\u00e2t pentru depozit c\u00e2t \u0219i pentru magazin<\/li>\n<\/ul>\n<p>Dimensiuni:<\/p>\n<ul>\n<li>\u00cen\u0103l\u021bime 200cm<\/li>\n<li>Lungime 166cm<\/li>\n<li>Ad\u00e2ncime 80cm<\/li>\n<\/ul>\n<p>Comparabilitate:<\/p>\n<ul>\n<li>4 niveluri cu capacitate de \u00eenc\u0103rcare de 300 kg fiecare<\/li>\n<\/ul>\n<p>Pre\u021b per set: 349.99 BGN incl. TVA Livrare prin Econt sau poate fi achizi\u021bionat \u00een magazinele noastre fizice. Pre\u021bul include 2 picioare verticale, 8pcs grinzi orizontale \u0219i 8pcs t\u0103vi metalice dimensiune 745\/760mm<\/p>\n","protected":false},"excerpt":{"rendered":"<p>Rack metalic din seria Super Strong 300kg. Potrivit pentru: sarcini medii grele toate tipurile de m\u0103rfuri, at\u00e2t pentru depozit c\u00e2t [&hellip;]<\/p>\n","protected":false},"featured_media":12231,"comment_status":"closed","ping_status":"closed","template":"","meta":{"site-sidebar-layout":"default","site-content-layout":"","ast-site-content-layout":"default","site-content-style":"default","site-sidebar-style":"default","ast-global-header-display":"","ast-banner-title-visibility":"","ast-main-header-display":"","ast-hfb-above-header-display":"","ast-hfb-below-header-display":"","ast-hfb-mobile-header-display":"","site-post-title":"","ast-breadcrumbs-content":"","ast-featured-img":"","footer-sml-layout":"","theme-transparent-header-meta":"default","adv-header-id-meta":"","stick-header-meta":"","header-above-stick-meta":"","header-main-stick-meta":"","header-below-stick-meta":"","astra-migrate-meta-layouts":"default","ast-page-background-enabled":"default","ast-page-background-meta":{"desktop":{"background-color":"var(--ast-global-color-4)","background-image":"","background-repeat":"repeat","background-position":"center center","background-size":"auto","background-attachment":"scroll","background-type":"","background-media":"","overlay-type":"","overlay-color":"","overlay-opacity":"","overlay-gradient":""},"tablet":{"background-color":"","background-image":"","background-repeat":"repeat","background-position":"center center","background-size":"auto","background-attachment":"scroll","background-type":"","background-media":"","overlay-type":"","overlay-color":"","overlay-opacity":"","overlay-gradient":""},"mobile":{"background-color":"","background-image":"","background-repeat":"repeat","background-position":"center center","background-size":"auto","background-attachment":"scroll","background-type":"","background-media":"","overlay-type":"","overlay-color":"","overlay-opacity":"","overlay-gradient":""}},"ast-content-background-meta":{"desktop":{"background-color":"var(--ast-global-color-5)","background-image":"","background-repeat":"repeat","background-position":"center center","background-size":"auto","background-attachment":"scroll","background-type":"","background-media":"","overlay-type":"","overlay-color":"","overlay-opacity":"","overlay-gradient":""},"tablet":{"background-color":"var(--ast-global-color-5)","background-image":"","background-repeat":"repeat","background-position":"center center","background-size":"auto","background-attachment":"scroll","background-type":"","background-media":"","overlay-type":"","overlay-color":"","overlay-opacity":"","overlay-gradient":""},"mobile":{"background-color":"var(--ast-global-color-5)","background-image":"","background-repeat":"repeat","background-position":"center center","background-size":"auto","background-attachment":"scroll","background-type":"","background-media":"","overlay-type":"","overlay-color":"","overlay-opacity":"","overlay-gradient":""}}},"product_brand":[],"product_cat":[85,82,78,77],"product_tag":[80,83],"class_list":{"0":"post-9906","1":"product","2":"type-product","3":"status-publish","4":"has-post-thumbnail","6":"product_cat-300kg","7":"product_cat-portocaliu","8":"product_cat-rafturi-profesionale","9":"product_cat-toate-rafturile","10":"product_tag-300kg-ro","11":"product_tag-rafturi-universale","12":"desktop-align-left","13":"tablet-align-left","14":"mobile-align-left","16":"first","17":"instock","18":"sale","19":"shipping-taxable","20":"purchasable","21":"product-type-simple"},"_links":{"self":[{"href":"https:\/\/staging1.zasklada.bg\/ro\/wp-json\/wp\/v2\/product\/9906","targetHints":{"allow":["GET"]}}],"collection":[{"href":"https:\/\/staging1.zasklada.bg\/ro\/wp-json\/wp\/v2\/product"}],"about":[{"href":"https:\/\/staging1.zasklada.bg\/ro\/wp-json\/wp\/v2\/types\/product"}],"replies":[{"embeddable":true,"href":"https:\/\/staging1.zasklada.bg\/ro\/wp-json\/wp\/v2\/comments?post=9906"}],"wp:featuredmedia":[{"embeddable":true,"href":"https:\/\/staging1.zasklada.bg\/ro\/wp-json\/wp\/v2\/media\/12231"}],"wp:attachment":[{"href":"https:\/\/staging1.zasklada.bg\/ro\/wp-json\/wp\/v2\/media?parent=9906"}],"wp:term":[{"taxonomy":"product_brand","embeddable":true,"href":"https:\/\/staging1.zasklada.bg\/ro\/wp-json\/wp\/v2\/product_brand?post=9906"},{"taxonomy":"product_cat","embeddable":true,"href":"https:\/\/staging1.zasklada.bg\/ro\/wp-json\/wp\/v2\/product_cat?post=9906"},{"taxonomy":"product_tag","embeddable":true,"href":"https:\/\/staging1.zasklada.bg\/ro\/wp-json\/wp\/v2\/product_tag?post=9906"}],"curies":[{"name":"wp","href":"https:\/\/api.w.org\/{rel}","templated":true}]}}