{"id":9824,"date":"2024-11-12T07:56:21","date_gmt":"2024-11-12T07:56:21","guid":{"rendered":"https:\/\/staging1.zasklada.bg\/produkt\/pachet-2pcs-metal-rack-super-strong-200-200-60cm-250kg-pe-nivel\/"},"modified":"2025-06-27T13:58:21","modified_gmt":"2025-06-27T13:58:21","slug":"pachet-2pcs-metal-rack-super-strong-200-200-60cm-250kg-pe-nivel","status":"publish","type":"product","link":"https:\/\/staging1.zasklada.bg\/ro\/produkt\/pachet-2pcs-metal-rack-super-strong-200-200-60cm-250kg-pe-nivel\/","title":{"rendered":"Pachet 2pcs metal rack Super Strong 200\/200\/60cm 250kg pe nivel"},"content":{"rendered":"<p>Rafturi metalice Super Strong seria 250kg. potrivite pentru \u00eenc\u0103rc\u0103turi medii grele, toate tipurile de bunuri, at\u00e2t pentru depozit c\u00e2t \u0219i pentru magazin. 4 niveluri cu capacitate de \u00eenc\u0103rcare de 250kg fiecare.<br \/>\n*\u00cenal\u021bime 200cm<br \/>\n*Lungime 200cm<br \/>\n*Profunditate 60cm<br \/>\nPre\u021b per set: 1,611.04 Leu incl. TVA<br \/>\nLivrare prin Econt sau poate fi achizi\u021bionat \u0219i din magazinele noastre fizice.<br \/>\nPre\u021bul include 4 picioare verticale, 16 buc\u0103\u021bi grinzi orizontale \u0219i 16 buc\u0103\u021bi t\u0103vi metalice dimensiune 920\/560mm<\/p>\n","protected":false},"excerpt":{"rendered":"<p>Rafturi metalice Super Strong seria 250kg. potrivite pentru \u00eenc\u0103rc\u0103turi medii grele, toate tipurile de bunuri, at\u00e2t pentru depozit c\u00e2t \u0219i [&hellip;]<\/p>\n","protected":false},"featured_media":12247,"comment_status":"closed","ping_status":"closed","template":"","meta":{"site-sidebar-layout":"default","site-content-layout":"","ast-site-content-layout":"default","site-content-style":"default","site-sidebar-style":"default","ast-global-header-display":"","ast-banner-title-visibility":"","ast-main-header-display":"","ast-hfb-above-header-display":"","ast-hfb-below-header-display":"","ast-hfb-mobile-header-display":"","site-post-title":"","ast-breadcrumbs-content":"","ast-featured-img":"","footer-sml-layout":"","theme-transparent-header-meta":"default","adv-header-id-meta":"","stick-header-meta":"","header-above-stick-meta":"","header-main-stick-meta":"","header-below-stick-meta":"","astra-migrate-meta-layouts":"default","ast-page-background-enabled":"default","ast-page-background-meta":{"desktop":{"background-color":"var(--ast-global-color-4)","background-image":"","background-repeat":"repeat","background-position":"center center","background-size":"auto","background-attachment":"scroll","background-type":"","background-media":"","overlay-type":"","overlay-color":"","overlay-opacity":"","overlay-gradient":""},"tablet":{"background-color":"","background-image":"","background-repeat":"repeat","background-position":"center center","background-size":"auto","background-attachment":"scroll","background-type":"","background-media":"","overlay-type":"","overlay-color":"","overlay-opacity":"","overlay-gradient":""},"mobile":{"background-color":"","background-image":"","background-repeat":"repeat","background-position":"center center","background-size":"auto","background-attachment":"scroll","background-type":"","background-media":"","overlay-type":"","overlay-color":"","overlay-opacity":"","overlay-gradient":""}},"ast-content-background-meta":{"desktop":{"background-color":"var(--ast-global-color-5)","background-image":"","background-repeat":"repeat","background-position":"center center","background-size":"auto","background-attachment":"scroll","background-type":"","background-media":"","overlay-type":"","overlay-color":"","overlay-opacity":"","overlay-gradient":""},"tablet":{"background-color":"var(--ast-global-color-5)","background-image":"","background-repeat":"repeat","background-position":"center center","background-size":"auto","background-attachment":"scroll","background-type":"","background-media":"","overlay-type":"","overlay-color":"","overlay-opacity":"","overlay-gradient":""},"mobile":{"background-color":"var(--ast-global-color-5)","background-image":"","background-repeat":"repeat","background-position":"center center","background-size":"auto","background-attachment":"scroll","background-type":"","background-media":"","overlay-type":"","overlay-color":"","overlay-opacity":"","overlay-gradient":""}}},"product_brand":[],"product_cat":[81,82,78,77],"product_tag":[],"class_list":{"0":"post-9824","1":"product","2":"type-product","3":"status-publish","4":"has-post-thumbnail","6":"product_cat-250-kg","7":"product_cat-portocaliu","8":"product_cat-rafturi-profesionale","9":"product_cat-toate-rafturile","10":"desktop-align-left","11":"tablet-align-left","12":"mobile-align-left","14":"first","15":"instock","16":"sale","17":"shipping-taxable","18":"purchasable","19":"product-type-simple"},"_links":{"self":[{"href":"https:\/\/staging1.zasklada.bg\/ro\/wp-json\/wp\/v2\/product\/9824","targetHints":{"allow":["GET"]}}],"collection":[{"href":"https:\/\/staging1.zasklada.bg\/ro\/wp-json\/wp\/v2\/product"}],"about":[{"href":"https:\/\/staging1.zasklada.bg\/ro\/wp-json\/wp\/v2\/types\/product"}],"replies":[{"embeddable":true,"href":"https:\/\/staging1.zasklada.bg\/ro\/wp-json\/wp\/v2\/comments?post=9824"}],"wp:featuredmedia":[{"embeddable":true,"href":"https:\/\/staging1.zasklada.bg\/ro\/wp-json\/wp\/v2\/media\/12247"}],"wp:attachment":[{"href":"https:\/\/staging1.zasklada.bg\/ro\/wp-json\/wp\/v2\/media?parent=9824"}],"wp:term":[{"taxonomy":"product_brand","embeddable":true,"href":"https:\/\/staging1.zasklada.bg\/ro\/wp-json\/wp\/v2\/product_brand?post=9824"},{"taxonomy":"product_cat","embeddable":true,"href":"https:\/\/staging1.zasklada.bg\/ro\/wp-json\/wp\/v2\/product_cat?post=9824"},{"taxonomy":"product_tag","embeddable":true,"href":"https:\/\/staging1.zasklada.bg\/ro\/wp-json\/wp\/v2\/product_tag?post=9824"}],"curies":[{"name":"wp","href":"https:\/\/api.w.org\/{rel}","templated":true}]}}