{"id":9821,"date":"2024-11-11T08:55:02","date_gmt":"2024-11-11T08:55:02","guid":{"rendered":"https:\/\/staging1.zasklada.bg\/produkt\/suport-metalic-super-strong-200-200-60cm-250kg-la-nivelul-siv\/"},"modified":"2024-11-13T07:18:58","modified_gmt":"2024-11-13T07:18:58","slug":"suport-metalic-super-strong-200-200-60cm-250kg-la-nivelul-siv","status":"publish","type":"product","link":"https:\/\/staging1.zasklada.bg\/ro\/produkt\/suport-metalic-super-strong-200-200-60cm-250kg-la-nivelul-siv\/","title":{"rendered":"Suport metalic Super Strong 200\/200\/60cm 250kg la nivelul SIV"},"content":{"rendered":"<p>Rafturi metalice Super Strong seria 250kg. potrivite pentru \u00eenc\u0103rc\u0103turi medii grele, toate tipurile de bunuri, at\u00e2t pentru depozit, c\u00e2t \u0219i pentru magazin. 4 niveluri cu capacitate de \u00eenc\u0103rcare de 250kg fiecare. *\u00cenal\u021bime 200cm *Lungime 200cm *Profunditate 60cm Pre\u021b per set: 309.<\/p>\n<p>99 BGN incl. TVA Livrare prin Econt sau poate fi achizi\u021bionat \u0219i din magazinele noastre fizice. Pre\u021bul include 2 picioare verticale,8pcs grinzi orizontale \u0219i 8pcs t\u0103vi metalice dimensiune 920\/560mm<\/p>\n","protected":false},"excerpt":{"rendered":"<p>Rafturi metalice Super Strong seria 250kg. potrivite pentru \u00eenc\u0103rc\u0103turi medii grele, toate tipurile de bunuri, at\u00e2t pentru depozit, c\u00e2t \u0219i [&hellip;]<\/p>\n","protected":false},"featured_media":12249,"comment_status":"closed","ping_status":"closed","template":"","meta":{"site-sidebar-layout":"default","site-content-layout":"","ast-site-content-layout":"default","site-content-style":"default","site-sidebar-style":"default","ast-global-header-display":"","ast-banner-title-visibility":"","ast-main-header-display":"","ast-hfb-above-header-display":"","ast-hfb-below-header-display":"","ast-hfb-mobile-header-display":"","site-post-title":"","ast-breadcrumbs-content":"","ast-featured-img":"","footer-sml-layout":"","theme-transparent-header-meta":"default","adv-header-id-meta":"","stick-header-meta":"","header-above-stick-meta":"","header-main-stick-meta":"","header-below-stick-meta":"","astra-migrate-meta-layouts":"default","ast-page-background-enabled":"default","ast-page-background-meta":{"desktop":{"background-color":"var(--ast-global-color-4)","background-image":"","background-repeat":"repeat","background-position":"center center","background-size":"auto","background-attachment":"scroll","background-type":"","background-media":"","overlay-type":"","overlay-color":"","overlay-opacity":"","overlay-gradient":""},"tablet":{"background-color":"","background-image":"","background-repeat":"repeat","background-position":"center center","background-size":"auto","background-attachment":"scroll","background-type":"","background-media":"","overlay-type":"","overlay-color":"","overlay-opacity":"","overlay-gradient":""},"mobile":{"background-color":"","background-image":"","background-repeat":"repeat","background-position":"center center","background-size":"auto","background-attachment":"scroll","background-type":"","background-media":"","overlay-type":"","overlay-color":"","overlay-opacity":"","overlay-gradient":""}},"ast-content-background-meta":{"desktop":{"background-color":"var(--ast-global-color-5)","background-image":"","background-repeat":"repeat","background-position":"center center","background-size":"auto","background-attachment":"scroll","background-type":"","background-media":"","overlay-type":"","overlay-color":"","overlay-opacity":"","overlay-gradient":""},"tablet":{"background-color":"var(--ast-global-color-5)","background-image":"","background-repeat":"repeat","background-position":"center center","background-size":"auto","background-attachment":"scroll","background-type":"","background-media":"","overlay-type":"","overlay-color":"","overlay-opacity":"","overlay-gradient":""},"mobile":{"background-color":"var(--ast-global-color-5)","background-image":"","background-repeat":"repeat","background-position":"center center","background-size":"auto","background-attachment":"scroll","background-type":"","background-media":"","overlay-type":"","overlay-color":"","overlay-opacity":"","overlay-gradient":""}}},"product_brand":[],"product_cat":[81,84,78,77],"product_tag":[80,83],"class_list":{"0":"post-9821","1":"product","2":"type-product","3":"status-publish","4":"has-post-thumbnail","6":"product_cat-250-kg","7":"product_cat-negru","8":"product_cat-rafturi-profesionale","9":"product_cat-toate-rafturile","10":"product_tag-300kg-ro","11":"product_tag-rafturi-universale","12":"desktop-align-left","13":"tablet-align-left","14":"mobile-align-left","16":"first","17":"instock","18":"sale","19":"shipping-taxable","20":"purchasable","21":"product-type-simple"},"_links":{"self":[{"href":"https:\/\/staging1.zasklada.bg\/ro\/wp-json\/wp\/v2\/product\/9821","targetHints":{"allow":["GET"]}}],"collection":[{"href":"https:\/\/staging1.zasklada.bg\/ro\/wp-json\/wp\/v2\/product"}],"about":[{"href":"https:\/\/staging1.zasklada.bg\/ro\/wp-json\/wp\/v2\/types\/product"}],"replies":[{"embeddable":true,"href":"https:\/\/staging1.zasklada.bg\/ro\/wp-json\/wp\/v2\/comments?post=9821"}],"wp:featuredmedia":[{"embeddable":true,"href":"https:\/\/staging1.zasklada.bg\/ro\/wp-json\/wp\/v2\/media\/12249"}],"wp:attachment":[{"href":"https:\/\/staging1.zasklada.bg\/ro\/wp-json\/wp\/v2\/media?parent=9821"}],"wp:term":[{"taxonomy":"product_brand","embeddable":true,"href":"https:\/\/staging1.zasklada.bg\/ro\/wp-json\/wp\/v2\/product_brand?post=9821"},{"taxonomy":"product_cat","embeddable":true,"href":"https:\/\/staging1.zasklada.bg\/ro\/wp-json\/wp\/v2\/product_cat?post=9821"},{"taxonomy":"product_tag","embeddable":true,"href":"https:\/\/staging1.zasklada.bg\/ro\/wp-json\/wp\/v2\/product_tag?post=9821"}],"curies":[{"name":"wp","href":"https:\/\/api.w.org\/{rel}","templated":true}]}}