{"id":9818,"date":"2024-11-12T05:46:10","date_gmt":"2024-11-12T05:46:10","guid":{"rendered":"https:\/\/staging1.zasklada.bg\/produkt\/pachet-2pcs-metal-rack-super-strong-200-200-80cm-250kg-pe-nivel\/"},"modified":"2025-06-27T14:15:31","modified_gmt":"2025-06-27T14:15:31","slug":"pachet-2pcs-metal-rack-super-strong-200-200-80cm-250kg-pe-nivel","status":"publish","type":"product","link":"https:\/\/staging1.zasklada.bg\/ro\/produkt\/pachet-2pcs-metal-rack-super-strong-200-200-80cm-250kg-pe-nivel\/","title":{"rendered":"Pachet 2pcs metal rack Super Strong 200\/200\/80cm 250kg pe nivel"},"content":{"rendered":"<p>Pachet 2pcs raft metalic din seria Super Strong 250kg. Potrivit pentru \u00eenc\u0103rc\u0103turi medii grele, toate tipurile de bunuri, at\u00e2t pentru depozit c\u00e2t \u0219i pentru magazin. 4 niveluri cu capacitate de \u00eenc\u0103rcare de 250kg fiecare.<br \/>\n*\u00cenal\u021bime 200cm<br \/>\n*Lungime 200cm<br \/>\n*Profunditate 80cm<br \/>\nPre\u021b per set: 2,000.09 leu incl. TVA<br \/>\nLivrare prin Econt sau poate fi achizi\u021bionat \u0219i din magazinele noastre fizice.<br \/>\nPre\u021bul include 4 picioare verticale, 16pcs grinzi orizontale \u0219i 16pcs t\u0103vi metalice dimensiune 920\/760mm<\/p>\n<p>Pentru comand\u0103 rapid\u0103 Viber Whatsapp:<br \/>\n+359 89 438 6690<\/p>\n","protected":false},"excerpt":{"rendered":"<p>Raft metalic SuperStrong 250kg.Potrivit pentru depozit, magazin sau garaj. Au 4 niveluri \u0219i instalare f\u0103r\u0103 \u0219uruburi.Peste 10000 de clien\u021bi mul\u021bumi\u021bi au avut \u00eencredere \u00een noi.Cump\u0103ra\u021bi acum<\/p>\n","protected":false},"featured_media":12247,"comment_status":"closed","ping_status":"closed","template":"","meta":{"site-sidebar-layout":"default","site-content-layout":"","ast-site-content-layout":"default","site-content-style":"default","site-sidebar-style":"default","ast-global-header-display":"","ast-banner-title-visibility":"","ast-main-header-display":"","ast-hfb-above-header-display":"","ast-hfb-below-header-display":"","ast-hfb-mobile-header-display":"","site-post-title":"","ast-breadcrumbs-content":"","ast-featured-img":"","footer-sml-layout":"","theme-transparent-header-meta":"default","adv-header-id-meta":"","stick-header-meta":"","header-above-stick-meta":"","header-main-stick-meta":"","header-below-stick-meta":"","astra-migrate-meta-layouts":"default","ast-page-background-enabled":"default","ast-page-background-meta":{"desktop":{"background-color":"var(--ast-global-color-4)","background-image":"","background-repeat":"repeat","background-position":"center center","background-size":"auto","background-attachment":"scroll","background-type":"","background-media":"","overlay-type":"","overlay-color":"","overlay-opacity":"","overlay-gradient":""},"tablet":{"background-color":"","background-image":"","background-repeat":"repeat","background-position":"center center","background-size":"auto","background-attachment":"scroll","background-type":"","background-media":"","overlay-type":"","overlay-color":"","overlay-opacity":"","overlay-gradient":""},"mobile":{"background-color":"","background-image":"","background-repeat":"repeat","background-position":"center center","background-size":"auto","background-attachment":"scroll","background-type":"","background-media":"","overlay-type":"","overlay-color":"","overlay-opacity":"","overlay-gradient":""}},"ast-content-background-meta":{"desktop":{"background-color":"var(--ast-global-color-5)","background-image":"","background-repeat":"repeat","background-position":"center center","background-size":"auto","background-attachment":"scroll","background-type":"","background-media":"","overlay-type":"","overlay-color":"","overlay-opacity":"","overlay-gradient":""},"tablet":{"background-color":"var(--ast-global-color-5)","background-image":"","background-repeat":"repeat","background-position":"center center","background-size":"auto","background-attachment":"scroll","background-type":"","background-media":"","overlay-type":"","overlay-color":"","overlay-opacity":"","overlay-gradient":""},"mobile":{"background-color":"var(--ast-global-color-5)","background-image":"","background-repeat":"repeat","background-position":"center center","background-size":"auto","background-attachment":"scroll","background-type":"","background-media":"","overlay-type":"","overlay-color":"","overlay-opacity":"","overlay-gradient":""}}},"product_brand":[],"product_cat":[81,82,78,77],"product_tag":[80,83],"class_list":{"0":"post-9818","1":"product","2":"type-product","3":"status-publish","4":"has-post-thumbnail","6":"product_cat-250-kg","7":"product_cat-portocaliu","8":"product_cat-rafturi-profesionale","9":"product_cat-toate-rafturile","10":"product_tag-300kg-ro","11":"product_tag-rafturi-universale","12":"desktop-align-left","13":"tablet-align-left","14":"mobile-align-left","16":"first","17":"outofstock","18":"sale","19":"shipping-taxable","20":"purchasable","21":"product-type-simple"},"_links":{"self":[{"href":"https:\/\/staging1.zasklada.bg\/ro\/wp-json\/wp\/v2\/product\/9818","targetHints":{"allow":["GET"]}}],"collection":[{"href":"https:\/\/staging1.zasklada.bg\/ro\/wp-json\/wp\/v2\/product"}],"about":[{"href":"https:\/\/staging1.zasklada.bg\/ro\/wp-json\/wp\/v2\/types\/product"}],"replies":[{"embeddable":true,"href":"https:\/\/staging1.zasklada.bg\/ro\/wp-json\/wp\/v2\/comments?post=9818"}],"wp:featuredmedia":[{"embeddable":true,"href":"https:\/\/staging1.zasklada.bg\/ro\/wp-json\/wp\/v2\/media\/12247"}],"wp:attachment":[{"href":"https:\/\/staging1.zasklada.bg\/ro\/wp-json\/wp\/v2\/media?parent=9818"}],"wp:term":[{"taxonomy":"product_brand","embeddable":true,"href":"https:\/\/staging1.zasklada.bg\/ro\/wp-json\/wp\/v2\/product_brand?post=9818"},{"taxonomy":"product_cat","embeddable":true,"href":"https:\/\/staging1.zasklada.bg\/ro\/wp-json\/wp\/v2\/product_cat?post=9818"},{"taxonomy":"product_tag","embeddable":true,"href":"https:\/\/staging1.zasklada.bg\/ro\/wp-json\/wp\/v2\/product_tag?post=9818"}],"curies":[{"name":"wp","href":"https:\/\/api.w.org\/{rel}","templated":true}]}}