{"id":12183,"date":"2025-09-01T07:00:49","date_gmt":"2025-09-01T07:00:49","guid":{"rendered":"https:\/\/staging1.zasklada.bg\/?post_type=product&#038;p=12183"},"modified":"2025-09-01T07:02:16","modified_gmt":"2025-09-01T07:02:16","slug":"suport-metalic-super-strong-200-150-60cm-4-niveluri-250kg-copy","status":"publish","type":"product","link":"https:\/\/staging1.zasklada.bg\/ro\/produkt\/suport-metalic-super-strong-200-150-60cm-4-niveluri-250kg-copy\/","title":{"rendered":"Suport metalic Super Strong 200\/150\/60cm 4 niveluri 250kg (Copy)"},"content":{"rendered":"<p>Rack metalic din seria Super Strong 250kg. Potrivit pentru:<\/p>\n<ul>\n<li>sarcini medii grele<\/li>\n<li>toate tipurile de m\u0103rfuri, at\u00e2t pentru depozit c\u00e2t \u0219i pentru magazin<\/li>\n<li>4 niveluri cu capacitate de \u00eenc\u0103rcare de 250 kg fiecare<\/li>\n<\/ul>\n<p>Dimensiuni:<\/p>\n<ul>\n<li>\u00cen\u0103l\u021bime 200cm<\/li>\n<li>Lungime 150cm<\/li>\n<li>Ad\u00e2ncime 60cm<\/li>\n<\/ul>\n<p>Pre\u021b per set: 262.99 BGN incl. TVA<br \/>\nLivrare prin Econt sau poate fi achizi\u021bionat \u0219i din magazinele noastre fizice.<br \/>\nPre\u021bul include 2 picioare verticale, 8 buc\u0103\u021bi. grinzi orizontale \u0219i 8pcs. t\u0103vi\u021be metalice.<\/p>\n","protected":false},"excerpt":{"rendered":"<p>Rack metalic din seria Super Strong 250kg. Potrivit pentru: sarcini medii grele toate tipurile de m\u0103rfuri, at\u00e2t pentru depozit c\u00e2t [&hellip;]<\/p>\n","protected":false},"featured_media":12249,"comment_status":"closed","ping_status":"closed","template":"","meta":{"site-sidebar-layout":"default","site-content-layout":"","ast-site-content-layout":"default","site-content-style":"default","site-sidebar-style":"default","ast-global-header-display":"","ast-banner-title-visibility":"","ast-main-header-display":"","ast-hfb-above-header-display":"","ast-hfb-below-header-display":"","ast-hfb-mobile-header-display":"","site-post-title":"","ast-breadcrumbs-content":"","ast-featured-img":"","footer-sml-layout":"","theme-transparent-header-meta":"default","adv-header-id-meta":"","stick-header-meta":"","header-above-stick-meta":"","header-main-stick-meta":"","header-below-stick-meta":"","astra-migrate-meta-layouts":"set","ast-page-background-enabled":"default","ast-page-background-meta":{"desktop":{"background-color":"var(--ast-global-color-4)","background-image":"","background-repeat":"repeat","background-position":"center center","background-size":"auto","background-attachment":"scroll","background-type":"","background-media":"","overlay-type":"","overlay-color":"","overlay-opacity":"","overlay-gradient":""},"tablet":{"background-color":"","background-image":"","background-repeat":"repeat","background-position":"center center","background-size":"auto","background-attachment":"scroll","background-type":"","background-media":"","overlay-type":"","overlay-color":"","overlay-opacity":"","overlay-gradient":""},"mobile":{"background-color":"","background-image":"","background-repeat":"repeat","background-position":"center center","background-size":"auto","background-attachment":"scroll","background-type":"","background-media":"","overlay-type":"","overlay-color":"","overlay-opacity":"","overlay-gradient":""}},"ast-content-background-meta":{"desktop":{"background-color":"var(--ast-global-color-5)","background-image":"","background-repeat":"repeat","background-position":"center center","background-size":"auto","background-attachment":"scroll","background-type":"","background-media":"","overlay-type":"","overlay-color":"","overlay-opacity":"","overlay-gradient":""},"tablet":{"background-color":"var(--ast-global-color-5)","background-image":"","background-repeat":"repeat","background-position":"center center","background-size":"auto","background-attachment":"scroll","background-type":"","background-media":"","overlay-type":"","overlay-color":"","overlay-opacity":"","overlay-gradient":""},"mobile":{"background-color":"var(--ast-global-color-5)","background-image":"","background-repeat":"repeat","background-position":"center center","background-size":"auto","background-attachment":"scroll","background-type":"","background-media":"","overlay-type":"","overlay-color":"","overlay-opacity":"","overlay-gradient":""}}},"product_brand":[],"product_cat":[81,84,78,77],"product_tag":[80],"class_list":{"0":"post-12183","1":"product","2":"type-product","3":"status-publish","4":"has-post-thumbnail","6":"product_cat-250-kg","7":"product_cat-negru","8":"product_cat-rafturi-profesionale","9":"product_cat-toate-rafturile","10":"product_tag-300kg-ro","11":"desktop-align-left","12":"tablet-align-left","13":"mobile-align-left","15":"first","16":"instock","17":"sale","18":"featured","19":"shipping-taxable","20":"purchasable","21":"product-type-simple"},"_links":{"self":[{"href":"https:\/\/staging1.zasklada.bg\/ro\/wp-json\/wp\/v2\/product\/12183","targetHints":{"allow":["GET"]}}],"collection":[{"href":"https:\/\/staging1.zasklada.bg\/ro\/wp-json\/wp\/v2\/product"}],"about":[{"href":"https:\/\/staging1.zasklada.bg\/ro\/wp-json\/wp\/v2\/types\/product"}],"replies":[{"embeddable":true,"href":"https:\/\/staging1.zasklada.bg\/ro\/wp-json\/wp\/v2\/comments?post=12183"}],"wp:featuredmedia":[{"embeddable":true,"href":"https:\/\/staging1.zasklada.bg\/ro\/wp-json\/wp\/v2\/media\/12249"}],"wp:attachment":[{"href":"https:\/\/staging1.zasklada.bg\/ro\/wp-json\/wp\/v2\/media?parent=12183"}],"wp:term":[{"taxonomy":"product_brand","embeddable":true,"href":"https:\/\/staging1.zasklada.bg\/ro\/wp-json\/wp\/v2\/product_brand?post=12183"},{"taxonomy":"product_cat","embeddable":true,"href":"https:\/\/staging1.zasklada.bg\/ro\/wp-json\/wp\/v2\/product_cat?post=12183"},{"taxonomy":"product_tag","embeddable":true,"href":"https:\/\/staging1.zasklada.bg\/ro\/wp-json\/wp\/v2\/product_tag?post=12183"}],"curies":[{"name":"wp","href":"https:\/\/api.w.org\/{rel}","templated":true}]}}