{"id":11467,"date":"2025-06-02T06:58:12","date_gmt":"2025-06-02T06:58:12","guid":{"rendered":"https:\/\/staging1.zasklada.bg\/produkt\/super-strong-m227-metal-dulap-vestiar\/"},"modified":"2025-07-29T15:33:49","modified_gmt":"2025-07-29T15:33:49","slug":"super-strong-m227-metal-dulap-vestiar","status":"publish","type":"product","link":"https:\/\/staging1.zasklada.bg\/ro\/produkt\/super-strong-m227-metal-dulap-vestiar\/","title":{"rendered":"Super Strong M227 Metal Dulap vestiar"},"content":{"rendered":"<p>Dulap de arhivare metalic Super Strong<\/p>\n<ul>\n<li>Grosime 1.00 mm<\/li>\n<li>Culoare : Gri Ral 7016<\/li>\n<li>Dimensiune:\n<ul>\n<li>\u00cen\u0103l\u021bime: 185cm<\/li>\n<li>l\u0103\u021bime: 90cm<\/li>\n<li>Ad\u00e2ncime: 42cm<\/li>\n<\/ul>\n<\/li>\n<li>4 compartimente<\/li>\n<li>  Acest dulap este potrivit pentru orice camer\u0103 de lucru \u00een care trebuie depozitate haine \u0219i obiecte personale.<\/li>\n<li>  \u00cencuietoarea u\u0219ii este cu blocare \u00een dou\u0103 puncte, ceea ce asigur\u0103 o mai mare siguran\u021b\u0103.<\/li>\n<li>  Acesta este fabricat din o\u021bel de \u00eenalt\u0103 calitate cu o grosime de 1,00 mm, vopsit \u00een culoarea gri 7016.<\/li>\n<\/ul>\n","protected":false},"excerpt":{"rendered":"<p>Dulap de arhivare metalic Super Strong Grosime 1.00 mm Culoare : Gri Ral 7016 Dimensiune: \u00cen\u0103l\u021bime: 185cm l\u0103\u021bime: 90cm Ad\u00e2ncime: [&hellip;]<\/p>\n","protected":false},"featured_media":12385,"comment_status":"open","ping_status":"closed","template":"","meta":{"site-sidebar-layout":"default","site-content-layout":"","ast-site-content-layout":"default","site-content-style":"default","site-sidebar-style":"default","ast-global-header-display":"","ast-banner-title-visibility":"","ast-main-header-display":"","ast-hfb-above-header-display":"","ast-hfb-below-header-display":"","ast-hfb-mobile-header-display":"","site-post-title":"","ast-breadcrumbs-content":"","ast-featured-img":"","footer-sml-layout":"","theme-transparent-header-meta":"default","adv-header-id-meta":"","stick-header-meta":"","header-above-stick-meta":"","header-main-stick-meta":"","header-below-stick-meta":"","astra-migrate-meta-layouts":"default","ast-page-background-enabled":"default","ast-page-background-meta":{"desktop":{"background-color":"var(--ast-global-color-4)","background-image":"","background-repeat":"repeat","background-position":"center center","background-size":"auto","background-attachment":"scroll","background-type":"","background-media":"","overlay-type":"","overlay-color":"","overlay-opacity":"","overlay-gradient":""},"tablet":{"background-color":"","background-image":"","background-repeat":"repeat","background-position":"center center","background-size":"auto","background-attachment":"scroll","background-type":"","background-media":"","overlay-type":"","overlay-color":"","overlay-opacity":"","overlay-gradient":""},"mobile":{"background-color":"","background-image":"","background-repeat":"repeat","background-position":"center center","background-size":"auto","background-attachment":"scroll","background-type":"","background-media":"","overlay-type":"","overlay-color":"","overlay-opacity":"","overlay-gradient":""}},"ast-content-background-meta":{"desktop":{"background-color":"var(--ast-global-color-5)","background-image":"","background-repeat":"repeat","background-position":"center center","background-size":"auto","background-attachment":"scroll","background-type":"","background-media":"","overlay-type":"","overlay-color":"","overlay-opacity":"","overlay-gradient":""},"tablet":{"background-color":"var(--ast-global-color-5)","background-image":"","background-repeat":"repeat","background-position":"center center","background-size":"auto","background-attachment":"scroll","background-type":"","background-media":"","overlay-type":"","overlay-color":"","overlay-opacity":"","overlay-gradient":""},"mobile":{"background-color":"var(--ast-global-color-5)","background-image":"","background-repeat":"repeat","background-position":"center center","background-size":"auto","background-attachment":"scroll","background-type":"","background-media":"","overlay-type":"","overlay-color":"","overlay-opacity":"","overlay-gradient":""}}},"product_brand":[],"product_cat":[122,77],"product_tag":[],"class_list":{"0":"post-11467","1":"product","2":"type-product","3":"status-publish","4":"has-post-thumbnail","6":"product_cat-dulapuri-metalice","7":"product_cat-toate-rafturile","8":"desktop-align-left","9":"tablet-align-left","10":"mobile-align-left","12":"first","13":"instock","14":"sale","15":"shipping-taxable","16":"purchasable","17":"product-type-simple"},"_links":{"self":[{"href":"https:\/\/staging1.zasklada.bg\/ro\/wp-json\/wp\/v2\/product\/11467","targetHints":{"allow":["GET"]}}],"collection":[{"href":"https:\/\/staging1.zasklada.bg\/ro\/wp-json\/wp\/v2\/product"}],"about":[{"href":"https:\/\/staging1.zasklada.bg\/ro\/wp-json\/wp\/v2\/types\/product"}],"replies":[{"embeddable":true,"href":"https:\/\/staging1.zasklada.bg\/ro\/wp-json\/wp\/v2\/comments?post=11467"}],"wp:featuredmedia":[{"embeddable":true,"href":"https:\/\/staging1.zasklada.bg\/ro\/wp-json\/wp\/v2\/media\/12385"}],"wp:attachment":[{"href":"https:\/\/staging1.zasklada.bg\/ro\/wp-json\/wp\/v2\/media?parent=11467"}],"wp:term":[{"taxonomy":"product_brand","embeddable":true,"href":"https:\/\/staging1.zasklada.bg\/ro\/wp-json\/wp\/v2\/product_brand?post=11467"},{"taxonomy":"product_cat","embeddable":true,"href":"https:\/\/staging1.zasklada.bg\/ro\/wp-json\/wp\/v2\/product_cat?post=11467"},{"taxonomy":"product_tag","embeddable":true,"href":"https:\/\/staging1.zasklada.bg\/ro\/wp-json\/wp\/v2\/product_tag?post=11467"}],"curies":[{"name":"wp","href":"https:\/\/api.w.org\/{rel}","templated":true}]}}