{"id":11454,"date":"2025-06-22T17:06:16","date_gmt":"2025-06-22T17:06:16","guid":{"rendered":"https:\/\/staging1.zasklada.bg\/produkt\/pachet-2-buc-metal-dulap-super-strong-m226\/"},"modified":"2025-07-29T15:27:12","modified_gmt":"2025-07-29T15:27:12","slug":"pachet-2-buc-metal-dulap-super-strong-m226","status":"publish","type":"product","link":"https:\/\/staging1.zasklada.bg\/ro\/produkt\/pachet-2-buc-metal-dulap-super-strong-m226\/","title":{"rendered":"Pachet 2 buc metal dulap Super Strong M226"},"content":{"rendered":"<p>Pachet 2 buc dulap metalic de arhivare Super Strong<\/p>\n<ul>\n<li>Grosime 1.00 mm<\/li>\n<li>Culoare : Gri Ral 7016<\/li>\n<li>Dimensiune:\n<ul>\n<li>\u00cen\u0103l\u021bime: 185cm<\/li>\n<li>l\u0103\u021bime: 90cm<\/li>\n<li>Ad\u00e2ncime: 42cm<\/li>\n<\/ul>\n<\/li>\n<li>3 compartimente<\/li>\n<li>  Acest dulap este potrivit pentru orice camer\u0103 de lucru \u00een care trebuie depozitate haine \u0219i obiecte personale.<\/li>\n<li>  \u00cencuietoarea u\u0219ii este cu blocare \u00een dou\u0103 puncte, ceea ce asigur\u0103 o mai mare siguran\u021b\u0103.<\/li>\n<li>  Acesta este fabricat din o\u021bel de \u00eenalt\u0103 calitate cu o grosime de 1,00 mm, vopsit \u00een culoarea gri 7016.<\/li>\n<\/ul>\n","protected":false},"excerpt":{"rendered":"<p>Pachet 2 buc dulap metalic de arhivare Super Strong Grosime 1.00 mm Culoare : Gri Ral 7016 Dimensiune: \u00cen\u0103l\u021bime: 185cm [&hellip;]<\/p>\n","protected":false},"featured_media":11403,"comment_status":"open","ping_status":"closed","template":"","meta":{"site-sidebar-layout":"default","site-content-layout":"","ast-site-content-layout":"default","site-content-style":"default","site-sidebar-style":"default","ast-global-header-display":"","ast-banner-title-visibility":"","ast-main-header-display":"","ast-hfb-above-header-display":"","ast-hfb-below-header-display":"","ast-hfb-mobile-header-display":"","site-post-title":"","ast-breadcrumbs-content":"","ast-featured-img":"","footer-sml-layout":"","theme-transparent-header-meta":"default","adv-header-id-meta":"","stick-header-meta":"","header-above-stick-meta":"","header-main-stick-meta":"","header-below-stick-meta":"","astra-migrate-meta-layouts":"default","ast-page-background-enabled":"default","ast-page-background-meta":{"desktop":{"background-color":"var(--ast-global-color-4)","background-image":"","background-repeat":"repeat","background-position":"center center","background-size":"auto","background-attachment":"scroll","background-type":"","background-media":"","overlay-type":"","overlay-color":"","overlay-opacity":"","overlay-gradient":""},"tablet":{"background-color":"","background-image":"","background-repeat":"repeat","background-position":"center center","background-size":"auto","background-attachment":"scroll","background-type":"","background-media":"","overlay-type":"","overlay-color":"","overlay-opacity":"","overlay-gradient":""},"mobile":{"background-color":"","background-image":"","background-repeat":"repeat","background-position":"center center","background-size":"auto","background-attachment":"scroll","background-type":"","background-media":"","overlay-type":"","overlay-color":"","overlay-opacity":"","overlay-gradient":""}},"ast-content-background-meta":{"desktop":{"background-color":"var(--ast-global-color-5)","background-image":"","background-repeat":"repeat","background-position":"center center","background-size":"auto","background-attachment":"scroll","background-type":"","background-media":"","overlay-type":"","overlay-color":"","overlay-opacity":"","overlay-gradient":""},"tablet":{"background-color":"var(--ast-global-color-5)","background-image":"","background-repeat":"repeat","background-position":"center center","background-size":"auto","background-attachment":"scroll","background-type":"","background-media":"","overlay-type":"","overlay-color":"","overlay-opacity":"","overlay-gradient":""},"mobile":{"background-color":"var(--ast-global-color-5)","background-image":"","background-repeat":"repeat","background-position":"center center","background-size":"auto","background-attachment":"scroll","background-type":"","background-media":"","overlay-type":"","overlay-color":"","overlay-opacity":"","overlay-gradient":""}}},"product_brand":[],"product_cat":[122,77],"product_tag":[],"class_list":{"0":"post-11454","1":"product","2":"type-product","3":"status-publish","4":"has-post-thumbnail","6":"product_cat-dulapuri-metalice","7":"product_cat-toate-rafturile","8":"desktop-align-left","9":"tablet-align-left","10":"mobile-align-left","12":"first","13":"instock","14":"sale","15":"shipping-taxable","16":"purchasable","17":"product-type-simple"},"_links":{"self":[{"href":"https:\/\/staging1.zasklada.bg\/ro\/wp-json\/wp\/v2\/product\/11454","targetHints":{"allow":["GET"]}}],"collection":[{"href":"https:\/\/staging1.zasklada.bg\/ro\/wp-json\/wp\/v2\/product"}],"about":[{"href":"https:\/\/staging1.zasklada.bg\/ro\/wp-json\/wp\/v2\/types\/product"}],"replies":[{"embeddable":true,"href":"https:\/\/staging1.zasklada.bg\/ro\/wp-json\/wp\/v2\/comments?post=11454"}],"wp:featuredmedia":[{"embeddable":true,"href":"https:\/\/staging1.zasklada.bg\/ro\/wp-json\/wp\/v2\/media\/11403"}],"wp:attachment":[{"href":"https:\/\/staging1.zasklada.bg\/ro\/wp-json\/wp\/v2\/media?parent=11454"}],"wp:term":[{"taxonomy":"product_brand","embeddable":true,"href":"https:\/\/staging1.zasklada.bg\/ro\/wp-json\/wp\/v2\/product_brand?post=11454"},{"taxonomy":"product_cat","embeddable":true,"href":"https:\/\/staging1.zasklada.bg\/ro\/wp-json\/wp\/v2\/product_cat?post=11454"},{"taxonomy":"product_tag","embeddable":true,"href":"https:\/\/staging1.zasklada.bg\/ro\/wp-json\/wp\/v2\/product_tag?post=11454"}],"curies":[{"name":"wp","href":"https:\/\/api.w.org\/{rel}","templated":true}]}}