{"id":10700,"date":"2025-03-03T05:33:06","date_gmt":"2025-03-03T05:33:06","guid":{"rendered":"https:\/\/staging1.zasklada.bg\/?post_type=product&#038;p=10700"},"modified":"2025-07-03T14:44:35","modified_gmt":"2025-07-03T14:44:35","slug":"rafturi-metalice-super-strong-160-75-30cm-4-niveluri-150kg-per-raft-negru-%d0%ba%d0%be%d0%bf%d0%b8%d0%b5-%d0%ba%d0%be%d0%bf%d0%b8%d0%b5-%d0%ba%d0%be%d0%bf%d0%b8%d0%b5-%d0%ba%d0%be%d0%bf%d0%b8-2","status":"publish","type":"product","link":"https:\/\/staging1.zasklada.bg\/ro\/produkt\/rafturi-metalice-super-strong-160-75-30cm-4-niveluri-150kg-per-raft-negru-%d0%ba%d0%be%d0%bf%d0%b8%d0%b5-%d0%ba%d0%be%d0%bf%d0%b8%d0%b5-%d0%ba%d0%be%d0%bf%d0%b8%d0%b5-%d0%ba%d0%be%d0%bf%d0%b8-2\/","title":{"rendered":"Rafturi metalice Super Strong 180\/90\/40cm, 5 niveluri 150kg per raft, negru"},"content":{"rendered":"<p>Raft metalic din seria Super Strong 150kg. Potrivit pentru:<\/p>\n<ul>\n<li>sarcini medii grele<\/li>\n<li>toate tipurile de m\u0103rfuri, at\u00e2t pentru depozit c\u00e2t \u0219i pentru magazin<\/li>\n<li>5 niveluri cu capacitate de \u00eenc\u0103rcare de 150 kg fiecare<\/li>\n<\/ul>\n<p>Culoare: negru<\/p>\n<p>Dimensiuni:<\/p>\n<ul>\n<li>\u00cen\u0103l\u021bime 180cm<\/li>\n<li>Lungime 90cm<\/li>\n<li>Ad\u00e2ncime 40cm<\/li>\n<\/ul>\n<p>Pre\u021b per set: 95.99 BGN incl. TVA<br \/>\nLivrare prin Econt sau pot fi achizi\u021bionate din magazinele noastre fizice.<br \/>\nPre\u021bul include 2 picioare verticale \u0219i 5 buc. t\u0103vi\u021be metalice.<\/p>\n","protected":false},"excerpt":{"rendered":"<p>Raft metalic din seria Super Strong 150kg. Potrivit pentru: sarcini medii grele toate tipurile de m\u0103rfuri, at\u00e2t pentru depozit c\u00e2t [&hellip;]<\/p>\n","protected":false},"featured_media":12689,"comment_status":"closed","ping_status":"closed","template":"","meta":{"site-sidebar-layout":"default","site-content-layout":"","ast-site-content-layout":"default","site-content-style":"default","site-sidebar-style":"default","ast-global-header-display":"","ast-banner-title-visibility":"","ast-main-header-display":"","ast-hfb-above-header-display":"","ast-hfb-below-header-display":"","ast-hfb-mobile-header-display":"","site-post-title":"","ast-breadcrumbs-content":"","ast-featured-img":"","footer-sml-layout":"","theme-transparent-header-meta":"default","adv-header-id-meta":"","stick-header-meta":"","header-above-stick-meta":"","header-main-stick-meta":"","header-below-stick-meta":"","astra-migrate-meta-layouts":"default","ast-page-background-enabled":"default","ast-page-background-meta":{"desktop":{"background-color":"var(--ast-global-color-4)","background-image":"","background-repeat":"repeat","background-position":"center center","background-size":"auto","background-attachment":"scroll","background-type":"","background-media":"","overlay-type":"","overlay-color":"","overlay-opacity":"","overlay-gradient":""},"tablet":{"background-color":"","background-image":"","background-repeat":"repeat","background-position":"center center","background-size":"auto","background-attachment":"scroll","background-type":"","background-media":"","overlay-type":"","overlay-color":"","overlay-opacity":"","overlay-gradient":""},"mobile":{"background-color":"","background-image":"","background-repeat":"repeat","background-position":"center center","background-size":"auto","background-attachment":"scroll","background-type":"","background-media":"","overlay-type":"","overlay-color":"","overlay-opacity":"","overlay-gradient":""}},"ast-content-background-meta":{"desktop":{"background-color":"var(--ast-global-color-5)","background-image":"","background-repeat":"repeat","background-position":"center center","background-size":"auto","background-attachment":"scroll","background-type":"","background-media":"","overlay-type":"","overlay-color":"","overlay-opacity":"","overlay-gradient":""},"tablet":{"background-color":"var(--ast-global-color-5)","background-image":"","background-repeat":"repeat","background-position":"center center","background-size":"auto","background-attachment":"scroll","background-type":"","background-media":"","overlay-type":"","overlay-color":"","overlay-opacity":"","overlay-gradient":""},"mobile":{"background-color":"var(--ast-global-color-5)","background-image":"","background-repeat":"repeat","background-position":"center center","background-size":"auto","background-attachment":"scroll","background-type":"","background-media":"","overlay-type":"","overlay-color":"","overlay-opacity":"","overlay-gradient":""}}},"product_brand":[],"product_cat":[101,84,95,77],"product_tag":[96,83],"class_list":{"0":"post-10700","1":"product","2":"type-product","3":"status-publish","4":"has-post-thumbnail","6":"product_cat-150-kg","7":"product_cat-negru","8":"product_cat-rafturi-universale","9":"product_cat-toate-rafturile","10":"product_tag-150-kg","11":"product_tag-rafturi-universale","12":"desktop-align-left","13":"tablet-align-left","14":"mobile-align-left","16":"first","17":"outofstock","18":"sale","19":"featured","20":"shipping-taxable","21":"purchasable","22":"product-type-simple"},"_links":{"self":[{"href":"https:\/\/staging1.zasklada.bg\/ro\/wp-json\/wp\/v2\/product\/10700","targetHints":{"allow":["GET"]}}],"collection":[{"href":"https:\/\/staging1.zasklada.bg\/ro\/wp-json\/wp\/v2\/product"}],"about":[{"href":"https:\/\/staging1.zasklada.bg\/ro\/wp-json\/wp\/v2\/types\/product"}],"replies":[{"embeddable":true,"href":"https:\/\/staging1.zasklada.bg\/ro\/wp-json\/wp\/v2\/comments?post=10700"}],"wp:featuredmedia":[{"embeddable":true,"href":"https:\/\/staging1.zasklada.bg\/ro\/wp-json\/wp\/v2\/media\/12689"}],"wp:attachment":[{"href":"https:\/\/staging1.zasklada.bg\/ro\/wp-json\/wp\/v2\/media?parent=10700"}],"wp:term":[{"taxonomy":"product_brand","embeddable":true,"href":"https:\/\/staging1.zasklada.bg\/ro\/wp-json\/wp\/v2\/product_brand?post=10700"},{"taxonomy":"product_cat","embeddable":true,"href":"https:\/\/staging1.zasklada.bg\/ro\/wp-json\/wp\/v2\/product_cat?post=10700"},{"taxonomy":"product_tag","embeddable":true,"href":"https:\/\/staging1.zasklada.bg\/ro\/wp-json\/wp\/v2\/product_tag?post=10700"}],"curies":[{"name":"wp","href":"https:\/\/api.w.org\/{rel}","templated":true}]}}