{"id":10030,"date":"2023-10-20T06:58:31","date_gmt":"2023-10-20T06:58:31","guid":{"rendered":"https:\/\/staging1.zasklada.bg\/produkt\/rafturi-metalice-super-strong-200-150-50-5-rafturi-200kg-pe-raft\/"},"modified":"2025-09-04T08:37:07","modified_gmt":"2025-09-04T08:37:07","slug":"rafturi-metalice-super-strong-200-150-50-5-rafturi-200kg-pe-raft","status":"publish","type":"product","link":"https:\/\/staging1.zasklada.bg\/ro\/produkt\/rafturi-metalice-super-strong-200-150-50-5-rafturi-200kg-pe-raft\/","title":{"rendered":"Rafturi metalice Super Strong 200\/150\/50 5 rafturi 200kg pe raft"},"content":{"rendered":"<p>Raft metalic din seria Super Strong 200 kg. Potrivit pentru:<\/p>\n<ul>\n<li>sarcini medii grele<\/li>\n<li>toate tipurile de m\u0103rfuri, at\u00e2t pentru depozit c\u00e2t \u0219i pentru magazin<\/li>\n<li>5 nivele cu o capacitate de \u00eenc\u0103rcare de 200 kg fiecare<\/li>\n<\/ul>\n<p>Dimensiuni:<\/p>\n<ul>\n<li>\u00cen\u0103l\u021bime 200cm<\/li>\n<li>Lungime 150cm<\/li>\n<li>Ad\u00e2ncime 50cm<\/li>\n<\/ul>\n<p>Pre\u021b per set: 247 BGN incl. TVA Livrare prin Econt sau poate fi achizi\u021bionat \u0219i din magazinele noastre fizice. Pre\u021bul include 2 picioare verticale, 10pcs. grinzi orizontale \u0219i 5 buc. t\u0103vi\u021be metalice.<\/p>\n","protected":false},"excerpt":{"rendered":"<p>Raft metalic din seria Super Strong 200 kg. Potrivit pentru: sarcini medii grele toate tipurile de m\u0103rfuri, at\u00e2t pentru depozit [&hellip;]<\/p>\n","protected":false},"featured_media":12217,"comment_status":"closed","ping_status":"closed","template":"","meta":{"site-sidebar-layout":"default","site-content-layout":"","ast-site-content-layout":"default","site-content-style":"default","site-sidebar-style":"default","ast-global-header-display":"","ast-banner-title-visibility":"","ast-main-header-display":"","ast-hfb-above-header-display":"","ast-hfb-below-header-display":"","ast-hfb-mobile-header-display":"","site-post-title":"","ast-breadcrumbs-content":"","ast-featured-img":"","footer-sml-layout":"","theme-transparent-header-meta":"default","adv-header-id-meta":"","stick-header-meta":"","header-above-stick-meta":"","header-main-stick-meta":"","header-below-stick-meta":"","astra-migrate-meta-layouts":"default","ast-page-background-enabled":"default","ast-page-background-meta":{"desktop":{"background-color":"var(--ast-global-color-4)","background-image":"","background-repeat":"repeat","background-position":"center center","background-size":"auto","background-attachment":"scroll","background-type":"","background-media":"","overlay-type":"","overlay-color":"","overlay-opacity":"","overlay-gradient":""},"tablet":{"background-color":"","background-image":"","background-repeat":"repeat","background-position":"center center","background-size":"auto","background-attachment":"scroll","background-type":"","background-media":"","overlay-type":"","overlay-color":"","overlay-opacity":"","overlay-gradient":""},"mobile":{"background-color":"","background-image":"","background-repeat":"repeat","background-position":"center center","background-size":"auto","background-attachment":"scroll","background-type":"","background-media":"","overlay-type":"","overlay-color":"","overlay-opacity":"","overlay-gradient":""}},"ast-content-background-meta":{"desktop":{"background-color":"var(--ast-global-color-5)","background-image":"","background-repeat":"repeat","background-position":"center center","background-size":"auto","background-attachment":"scroll","background-type":"","background-media":"","overlay-type":"","overlay-color":"","overlay-opacity":"","overlay-gradient":""},"tablet":{"background-color":"var(--ast-global-color-5)","background-image":"","background-repeat":"repeat","background-position":"center center","background-size":"auto","background-attachment":"scroll","background-type":"","background-media":"","overlay-type":"","overlay-color":"","overlay-opacity":"","overlay-gradient":""},"mobile":{"background-color":"var(--ast-global-color-5)","background-image":"","background-repeat":"repeat","background-position":"center center","background-size":"auto","background-attachment":"scroll","background-type":"","background-media":"","overlay-type":"","overlay-color":"","overlay-opacity":"","overlay-gradient":""}}},"product_brand":[],"product_cat":[81,82,78,77],"product_tag":[96,83],"class_list":{"0":"post-10030","1":"product","2":"type-product","3":"status-publish","4":"has-post-thumbnail","6":"product_cat-250-kg","7":"product_cat-portocaliu","8":"product_cat-rafturi-profesionale","9":"product_cat-toate-rafturile","10":"product_tag-150-kg","11":"product_tag-rafturi-universale","12":"desktop-align-left","13":"tablet-align-left","14":"mobile-align-left","16":"first","17":"instock","18":"sale","19":"shipping-taxable","20":"purchasable","21":"product-type-simple"},"_links":{"self":[{"href":"https:\/\/staging1.zasklada.bg\/ro\/wp-json\/wp\/v2\/product\/10030","targetHints":{"allow":["GET"]}}],"collection":[{"href":"https:\/\/staging1.zasklada.bg\/ro\/wp-json\/wp\/v2\/product"}],"about":[{"href":"https:\/\/staging1.zasklada.bg\/ro\/wp-json\/wp\/v2\/types\/product"}],"replies":[{"embeddable":true,"href":"https:\/\/staging1.zasklada.bg\/ro\/wp-json\/wp\/v2\/comments?post=10030"}],"wp:featuredmedia":[{"embeddable":true,"href":"https:\/\/staging1.zasklada.bg\/ro\/wp-json\/wp\/v2\/media\/12217"}],"wp:attachment":[{"href":"https:\/\/staging1.zasklada.bg\/ro\/wp-json\/wp\/v2\/media?parent=10030"}],"wp:term":[{"taxonomy":"product_brand","embeddable":true,"href":"https:\/\/staging1.zasklada.bg\/ro\/wp-json\/wp\/v2\/product_brand?post=10030"},{"taxonomy":"product_cat","embeddable":true,"href":"https:\/\/staging1.zasklada.bg\/ro\/wp-json\/wp\/v2\/product_cat?post=10030"},{"taxonomy":"product_tag","embeddable":true,"href":"https:\/\/staging1.zasklada.bg\/ro\/wp-json\/wp\/v2\/product_tag?post=10030"}],"curies":[{"name":"wp","href":"https:\/\/api.w.org\/{rel}","templated":true}]}}