{"id":10012,"date":"2023-07-19T12:31:19","date_gmt":"2023-07-19T12:31:19","guid":{"rendered":"https:\/\/staging1.zasklada.bg\/produkt\/raft-metalic-super-strong-200-200-80cm-250kg-per-nivel\/"},"modified":"2024-11-13T14:09:30","modified_gmt":"2024-11-13T14:09:30","slug":"raft-metalic-super-strong-200-200-80cm-250kg-per-nivel","status":"publish","type":"product","link":"https:\/\/staging1.zasklada.bg\/ro\/produkt\/raft-metalic-super-strong-200-200-80cm-250kg-per-nivel\/","title":{"rendered":"Raft metalic Super Strong 200\/200\/80cm 250kg per nivel"},"content":{"rendered":"<p>Super Strong 250kg seria rafturi metalice. potrivit pentru sarcini medii grele, toate tipurile de bunuri, at\u00e2t pentru depozit \u0219i magazin. 4 niveluri cu capacitate de \u00eenc\u0103rcare 250kg fiecare. *\u00cenal\u021bime 200cm *Lungime 200cm *Profunditate 80cm Pre\u021b per set: 374.<\/p>\n<p>99 BGN incl. TVA Livrare prin Econt sau poate fi achizi\u021bionat \u0219i din magazinele noastre fizice. Pre\u021bul include 2 picioare verticale,8pcs grinzi orizontale \u0219i 8pcs t\u0103vi metalice dimensiune 920\/760mm Pentru comand\u0103 rapid\u0103 Viber Whatsapp: +359 89 438 6690<\/p>\n","protected":false},"excerpt":{"rendered":"<p>Raft metalic SuperStrong 250kg.Potrivit pentru depozit, magazin sau garaj. Au 4 niveluri \u0219i instalare f\u0103r\u0103 \u0219uruburi.Peste 10000 de clien\u021bi mul\u021bumi\u021bi au avut \u00eencredere \u00een noi.Cump\u0103ra\u021bi acum<\/p>\n","protected":false},"featured_media":12231,"comment_status":"closed","ping_status":"closed","template":"","meta":{"site-sidebar-layout":"default","site-content-layout":"","ast-site-content-layout":"default","site-content-style":"default","site-sidebar-style":"default","ast-global-header-display":"","ast-banner-title-visibility":"","ast-main-header-display":"","ast-hfb-above-header-display":"","ast-hfb-below-header-display":"","ast-hfb-mobile-header-display":"","site-post-title":"","ast-breadcrumbs-content":"","ast-featured-img":"","footer-sml-layout":"","theme-transparent-header-meta":"default","adv-header-id-meta":"","stick-header-meta":"","header-above-stick-meta":"","header-main-stick-meta":"","header-below-stick-meta":"","astra-migrate-meta-layouts":"default","ast-page-background-enabled":"default","ast-page-background-meta":{"desktop":{"background-color":"var(--ast-global-color-4)","background-image":"","background-repeat":"repeat","background-position":"center center","background-size":"auto","background-attachment":"scroll","background-type":"","background-media":"","overlay-type":"","overlay-color":"","overlay-opacity":"","overlay-gradient":""},"tablet":{"background-color":"","background-image":"","background-repeat":"repeat","background-position":"center center","background-size":"auto","background-attachment":"scroll","background-type":"","background-media":"","overlay-type":"","overlay-color":"","overlay-opacity":"","overlay-gradient":""},"mobile":{"background-color":"","background-image":"","background-repeat":"repeat","background-position":"center center","background-size":"auto","background-attachment":"scroll","background-type":"","background-media":"","overlay-type":"","overlay-color":"","overlay-opacity":"","overlay-gradient":""}},"ast-content-background-meta":{"desktop":{"background-color":"var(--ast-global-color-5)","background-image":"","background-repeat":"repeat","background-position":"center center","background-size":"auto","background-attachment":"scroll","background-type":"","background-media":"","overlay-type":"","overlay-color":"","overlay-opacity":"","overlay-gradient":""},"tablet":{"background-color":"var(--ast-global-color-5)","background-image":"","background-repeat":"repeat","background-position":"center center","background-size":"auto","background-attachment":"scroll","background-type":"","background-media":"","overlay-type":"","overlay-color":"","overlay-opacity":"","overlay-gradient":""},"mobile":{"background-color":"var(--ast-global-color-5)","background-image":"","background-repeat":"repeat","background-position":"center center","background-size":"auto","background-attachment":"scroll","background-type":"","background-media":"","overlay-type":"","overlay-color":"","overlay-opacity":"","overlay-gradient":""}}},"product_brand":[],"product_cat":[81,82,78,77],"product_tag":[80,83],"class_list":{"0":"post-10012","1":"product","2":"type-product","3":"status-publish","4":"has-post-thumbnail","6":"product_cat-250-kg","7":"product_cat-portocaliu","8":"product_cat-rafturi-profesionale","9":"product_cat-toate-rafturile","10":"product_tag-300kg-ro","11":"product_tag-rafturi-universale","12":"desktop-align-left","13":"tablet-align-left","14":"mobile-align-left","16":"first","17":"instock","18":"sale","19":"shipping-taxable","20":"purchasable","21":"product-type-simple"},"_links":{"self":[{"href":"https:\/\/staging1.zasklada.bg\/ro\/wp-json\/wp\/v2\/product\/10012","targetHints":{"allow":["GET"]}}],"collection":[{"href":"https:\/\/staging1.zasklada.bg\/ro\/wp-json\/wp\/v2\/product"}],"about":[{"href":"https:\/\/staging1.zasklada.bg\/ro\/wp-json\/wp\/v2\/types\/product"}],"replies":[{"embeddable":true,"href":"https:\/\/staging1.zasklada.bg\/ro\/wp-json\/wp\/v2\/comments?post=10012"}],"wp:featuredmedia":[{"embeddable":true,"href":"https:\/\/staging1.zasklada.bg\/ro\/wp-json\/wp\/v2\/media\/12231"}],"wp:attachment":[{"href":"https:\/\/staging1.zasklada.bg\/ro\/wp-json\/wp\/v2\/media?parent=10012"}],"wp:term":[{"taxonomy":"product_brand","embeddable":true,"href":"https:\/\/staging1.zasklada.bg\/ro\/wp-json\/wp\/v2\/product_brand?post=10012"},{"taxonomy":"product_cat","embeddable":true,"href":"https:\/\/staging1.zasklada.bg\/ro\/wp-json\/wp\/v2\/product_cat?post=10012"},{"taxonomy":"product_tag","embeddable":true,"href":"https:\/\/staging1.zasklada.bg\/ro\/wp-json\/wp\/v2\/product_tag?post=10012"}],"curies":[{"name":"wp","href":"https:\/\/api.w.org\/{rel}","templated":true}]}}