{"id":10008,"date":"2023-04-15T13:36:16","date_gmt":"2023-04-15T13:36:16","guid":{"rendered":"https:\/\/staging1.zasklada.bg\/produkt\/raft-metalic-super-strong-200-166-60cm-300kg-per-nivel\/"},"modified":"2024-11-13T14:09:27","modified_gmt":"2024-11-13T14:09:27","slug":"raft-metalic-super-strong-200-166-60cm-300kg-per-nivel","status":"publish","type":"product","link":"https:\/\/staging1.zasklada.bg\/ro\/produkt\/raft-metalic-super-strong-200-166-60cm-300kg-per-nivel\/","title":{"rendered":"Raft metalic Super Strong 200\/166\/60cm 300kg per nivel"},"content":{"rendered":"<p>Raft metalic din seria Super Strong 300kg.Potrivit pentru \u00eenc\u0103rc\u0103turi medii-grele, toate tipurile de bunuri, at\u00e2t pentru depozit c\u00e2t \u0219i pentru magazin. 4 niveluri cu capacitate de \u00eenc\u0103rcare de 300kg fiecare.<\/p>\n<p>* \u00cen\u0103l\u021bime 200cm * Lungime 166cm * Ad\u00e2ncime 60cm Pre\u021b per set: 249 BGN incl. TVA Livrare prin Econt sau poate fi achizi\u021bionat \u0219i din magazinele noastre fizice. Pre\u021bul include 2 picioare verticale, 8pcs grinzi orizontale \u0219i 8pcs t\u0103vi metalice dimensiune 745\/560mm<\/p>\n","protected":false},"excerpt":{"rendered":"<p>Raft metalic din seria Super Strong 300kg.Potrivit pentru \u00eenc\u0103rc\u0103turi medii-grele, toate tipurile de bunuri, at\u00e2t pentru depozit c\u00e2t \u0219i pentru [&hellip;]<\/p>\n","protected":false},"featured_media":12231,"comment_status":"closed","ping_status":"closed","template":"","meta":{"site-sidebar-layout":"default","site-content-layout":"","ast-site-content-layout":"default","site-content-style":"default","site-sidebar-style":"default","ast-global-header-display":"","ast-banner-title-visibility":"","ast-main-header-display":"","ast-hfb-above-header-display":"","ast-hfb-below-header-display":"","ast-hfb-mobile-header-display":"","site-post-title":"","ast-breadcrumbs-content":"","ast-featured-img":"","footer-sml-layout":"","theme-transparent-header-meta":"default","adv-header-id-meta":"","stick-header-meta":"","header-above-stick-meta":"","header-main-stick-meta":"","header-below-stick-meta":"","astra-migrate-meta-layouts":"default","ast-page-background-enabled":"default","ast-page-background-meta":{"desktop":{"background-color":"var(--ast-global-color-4)","background-image":"","background-repeat":"repeat","background-position":"center center","background-size":"auto","background-attachment":"scroll","background-type":"","background-media":"","overlay-type":"","overlay-color":"","overlay-opacity":"","overlay-gradient":""},"tablet":{"background-color":"","background-image":"","background-repeat":"repeat","background-position":"center center","background-size":"auto","background-attachment":"scroll","background-type":"","background-media":"","overlay-type":"","overlay-color":"","overlay-opacity":"","overlay-gradient":""},"mobile":{"background-color":"","background-image":"","background-repeat":"repeat","background-position":"center center","background-size":"auto","background-attachment":"scroll","background-type":"","background-media":"","overlay-type":"","overlay-color":"","overlay-opacity":"","overlay-gradient":""}},"ast-content-background-meta":{"desktop":{"background-color":"var(--ast-global-color-5)","background-image":"","background-repeat":"repeat","background-position":"center center","background-size":"auto","background-attachment":"scroll","background-type":"","background-media":"","overlay-type":"","overlay-color":"","overlay-opacity":"","overlay-gradient":""},"tablet":{"background-color":"var(--ast-global-color-5)","background-image":"","background-repeat":"repeat","background-position":"center center","background-size":"auto","background-attachment":"scroll","background-type":"","background-media":"","overlay-type":"","overlay-color":"","overlay-opacity":"","overlay-gradient":""},"mobile":{"background-color":"var(--ast-global-color-5)","background-image":"","background-repeat":"repeat","background-position":"center center","background-size":"auto","background-attachment":"scroll","background-type":"","background-media":"","overlay-type":"","overlay-color":"","overlay-opacity":"","overlay-gradient":""}}},"product_brand":[],"product_cat":[85,82,78,77,139],"product_tag":[80,83],"class_list":{"0":"post-10008","1":"product","2":"type-product","3":"status-publish","4":"has-post-thumbnail","6":"product_cat-300kg","7":"product_cat-portocaliu","8":"product_cat-rafturi-profesionale","9":"product_cat-toate-rafturile","10":"product_cat-promotii","11":"product_tag-300kg-ro","12":"product_tag-rafturi-universale","13":"desktop-align-left","14":"tablet-align-left","15":"mobile-align-left","17":"first","18":"instock","19":"sale","20":"shipping-taxable","21":"purchasable","22":"product-type-variable"},"_links":{"self":[{"href":"https:\/\/staging1.zasklada.bg\/ro\/wp-json\/wp\/v2\/product\/10008","targetHints":{"allow":["GET"]}}],"collection":[{"href":"https:\/\/staging1.zasklada.bg\/ro\/wp-json\/wp\/v2\/product"}],"about":[{"href":"https:\/\/staging1.zasklada.bg\/ro\/wp-json\/wp\/v2\/types\/product"}],"replies":[{"embeddable":true,"href":"https:\/\/staging1.zasklada.bg\/ro\/wp-json\/wp\/v2\/comments?post=10008"}],"wp:featuredmedia":[{"embeddable":true,"href":"https:\/\/staging1.zasklada.bg\/ro\/wp-json\/wp\/v2\/media\/12231"}],"wp:attachment":[{"href":"https:\/\/staging1.zasklada.bg\/ro\/wp-json\/wp\/v2\/media?parent=10008"}],"wp:term":[{"taxonomy":"product_brand","embeddable":true,"href":"https:\/\/staging1.zasklada.bg\/ro\/wp-json\/wp\/v2\/product_brand?post=10008"},{"taxonomy":"product_cat","embeddable":true,"href":"https:\/\/staging1.zasklada.bg\/ro\/wp-json\/wp\/v2\/product_cat?post=10008"},{"taxonomy":"product_tag","embeddable":true,"href":"https:\/\/staging1.zasklada.bg\/ro\/wp-json\/wp\/v2\/product_tag?post=10008"}],"curies":[{"name":"wp","href":"https:\/\/api.w.org\/{rel}","templated":true}]}}