{"id":9836,"date":"2024-11-04T08:31:08","date_gmt":"2024-11-04T08:31:08","guid":{"rendered":"https:\/\/staging1.zasklada.bg\/despre-sistemele-de-rafturi\/"},"modified":"2025-07-03T12:37:01","modified_gmt":"2025-07-03T12:37:01","slug":"despre-sistemele-de-rafturi","status":"publish","type":"page","link":"https:\/\/staging1.zasklada.bg\/ro\/despre-sistemele-de-rafturi\/","title":{"rendered":"Despre sistemele de rafturi"},"content":{"rendered":"\t\t<div data-elementor-type=\"wp-page\" data-elementor-id=\"9836\" class=\"elementor elementor-9836 elementor-8739\" data-elementor-post-type=\"page\">\n\t\t\t\t<div class=\"elementor-element elementor-element-1357192 e-flex e-con-boxed e-con e-parent\" data-id=\"1357192\" data-element_type=\"container\" data-e-type=\"container\" data-settings=\"{&quot;background_background&quot;:&quot;classic&quot;}\">\n\t\t\t\t\t<div class=\"e-con-inner\">\n\t\t\t\t<div class=\"elementor-element elementor-element-22e54c9 elementor-widget elementor-widget-heading\" data-id=\"22e54c9\" data-element_type=\"widget\" data-e-type=\"widget\" data-widget_type=\"heading.default\">\n\t\t\t\t<div class=\"elementor-widget-container\">\n\t\t\t\t\t<h1 class=\"elementor-heading-title elementor-size-default\">Sisteme de rafturi<\/h1>\t\t\t\t<\/div>\n\t\t\t\t<\/div>\n\t\t\t\t\t<\/div>\n\t\t\t\t<\/div>\n\t\t<div class=\"elementor-element elementor-element-3d9a464 e-flex e-con-boxed e-con e-parent\" data-id=\"3d9a464\" data-element_type=\"container\" data-e-type=\"container\" data-settings=\"{&quot;background_background&quot;:&quot;classic&quot;,&quot;shape_divider_top&quot;:&quot;triangle&quot;}\">\n\t\t\t\t\t<div class=\"e-con-inner\">\n\t\t\t\t<div class=\"elementor-shape elementor-shape-top\" aria-hidden=\"true\" data-negative=\"false\">\n\t\t\t<svg xmlns=\"http:\/\/www.w3.org\/2000\/svg\" viewBox=\"0 0 1000 100\" preserveAspectRatio=\"none\">\n\t<path class=\"elementor-shape-fill\" d=\"M500,98.9L0,6.1V0h1000v6.1L500,98.9z\"\/>\n<\/svg>\t\t<\/div>\n\t\t<div class=\"elementor-element elementor-element-89a7909 e-con-full e-flex e-con e-child\" data-id=\"89a7909\" data-element_type=\"container\" data-e-type=\"container\">\n\t\t\t\t<div class=\"elementor-element elementor-element-d79ca38 elementor-widget elementor-widget-heading\" data-id=\"d79ca38\" data-element_type=\"widget\" data-e-type=\"widget\" data-widget_type=\"heading.default\">\n\t\t\t\t<div class=\"elementor-widget-container\">\n\t\t\t\t\t<h2 class=\"elementor-heading-title elementor-size-default\">Sisteme de rafturi metalice<\/h2>\t\t\t\t<\/div>\n\t\t\t\t<\/div>\n\t\t<div class=\"elementor-element elementor-element-304b659 vidove e-con-full e-flex e-con e-child\" data-id=\"304b659\" data-element_type=\"container\" data-e-type=\"container\">\n\t\t<div class=\"elementor-element elementor-element-451998b e-con-full e-flex e-con e-child\" data-id=\"451998b\" data-element_type=\"container\" data-e-type=\"container\">\n\t\t\t\t<div class=\"elementor-element elementor-element-c415fb6 elementor-position-top elementor-widget elementor-widget-image-box\" data-id=\"c415fb6\" data-element_type=\"widget\" data-e-type=\"widget\" data-widget_type=\"image-box.default\">\n\t\t\t\t<div class=\"elementor-widget-container\">\n\t\t\t\t\t<div class=\"elementor-image-box-wrapper\"><figure class=\"elementor-image-box-img\"><a href=\"https:\/\/staging1.zasklada.bg\/paletni-stelaji\" tabindex=\"-1\"><img decoding=\"async\" src=\"https:\/\/staging1.zasklada.bg\/wp-content\/uploads\/elementor\/thumbs\/viber_image_2023-07-20_12-35-51-951-min-qwjyyj92m9ki1lymeg98axus30c60yhxqrz6kk1wxu.webp\" title=\"viber_image_2023-07-20_12-35-51-951-min.webp\" alt=\"\u0441\u0442\u0435\u043b\u0430\u0436\u0438\" class=\"elementor-animation-grow\" loading=\"lazy\" \/><\/a><\/figure><div class=\"elementor-image-box-content\"><h3 class=\"elementor-image-box-title\"><a href=\"https:\/\/staging1.zasklada.bg\/paletni-stelaji\">Rafturi pentru pale\u021bi<\/a><\/h3><p class=\"elementor-image-box-description\">Sistemele de rafturi pentru pale\u021bi sunt necesare dac\u0103 ave\u021bi nevoie s\u0103 v\u0103 organiza\u021bi \u0219i s\u0103 v\u0103 optimiza\u021bi spa\u021biul de depozitare. Acestea v\u0103 ajut\u0103 s\u0103 maximiza\u021bi capacitatea depozitului dumneavoastr\u0103, asigur\u00e2nd depozitarea eficient\u0103 \u0219i sigur\u0103 a bunurilor dumneavoastr\u0103. Face\u021bi clic pe imagine pentru mai multe informa\u021bii.<\/p><\/div><\/div>\t\t\t\t<\/div>\n\t\t\t\t<\/div>\n\t\t\t\t<\/div>\n\t\t<div class=\"elementor-element elementor-element-b397d46 e-con-full e-flex e-con e-child\" data-id=\"b397d46\" data-element_type=\"container\" data-e-type=\"container\">\n\t\t\t\t<div class=\"elementor-element elementor-element-f1b05f0 elementor-position-top elementor-widget elementor-widget-image-box\" data-id=\"f1b05f0\" data-element_type=\"widget\" data-e-type=\"widget\" data-widget_type=\"image-box.default\">\n\t\t\t\t<div class=\"elementor-widget-container\">\n\t\t\t\t\t<div class=\"elementor-image-box-wrapper\"><figure class=\"elementor-image-box-img\"><a href=\"https:\/\/staging1.zasklada.bg\/universalni-stelaji\/\" tabindex=\"-1\"><img decoding=\"async\" src=\"https:\/\/staging1.zasklada.bg\/wp-content\/uploads\/elementor\/thumbs\/viber_image_2023-07-20_12-22-39-116-min-qwjyyk6wt3lsd7x98ynuvfm8oe7j8nlo2wmo1u0irm.webp\" title=\"viber_image_2023-07-20_12-22-39-116-min.webp\" alt=\"\u0441\u0442\u0435\u043b\u0430\u0436\" class=\"elementor-animation-grow\" loading=\"lazy\" \/><\/a><\/figure><div class=\"elementor-image-box-content\"><h3 class=\"elementor-image-box-title\"><a href=\"https:\/\/staging1.zasklada.bg\/universalni-stelaji\/\">Rafturi universale<\/a><\/h3><p class=\"elementor-image-box-description\">Sistemele de rafturi universale sunt cele care pot fi utilizate pentru a depozita diferite tipuri de bunuri \u0219i materiale. Acestea sunt concepute pentru a fi versatile \u0219i capabile s\u0103 satisfac\u0103 diferitele nevoi \u0219i cerin\u021be ale diferitelor \u00eentreprinderi \u0219i industrii.<\/p><\/div><\/div>\t\t\t\t<\/div>\n\t\t\t\t<\/div>\n\t\t\t\t<\/div>\n\t\t<div class=\"elementor-element elementor-element-3adc4cf e-con-full e-flex e-con e-child\" data-id=\"3adc4cf\" data-element_type=\"container\" data-e-type=\"container\">\n\t\t\t\t<div class=\"elementor-element elementor-element-2d8643c elementor-widget__width-initial elementor-position-top elementor-widget elementor-widget-image-box\" data-id=\"2d8643c\" data-element_type=\"widget\" data-e-type=\"widget\" data-widget_type=\"image-box.default\">\n\t\t\t\t<div class=\"elementor-widget-container\">\n\t\t\t\t\t<div class=\"elementor-image-box-wrapper\"><figure class=\"elementor-image-box-img\"><a href=\"https:\/\/staging1.zasklada.bg\/stelaji-gumi\/\" tabindex=\"-1\"><img decoding=\"async\" src=\"https:\/\/staging1.zasklada.bg\/wp-content\/uploads\/elementor\/thumbs\/viber_image_2023-07-20_10-11-40-162-min-qwjyyk6wt3m599uk2w13uie5bims55y447ai4liyd4.webp\" title=\"viber_image_2023-07-20_10-11-40-162-min.webp\" alt=\"\u0441\u0442\u0435\u043b\u0430\u0436 \u0437\u0430 \u0433\u0445\u0443\u043c\u0438\" class=\"elementor-animation-grow\" loading=\"lazy\" \/><\/a><\/figure><div class=\"elementor-image-box-content\"><h3 class=\"elementor-image-box-title\"><a href=\"https:\/\/staging1.zasklada.bg\/stelaji-gumi\/\">Rafturi pentru anvelope<\/a><\/h3><p class=\"elementor-image-box-description\">Anvelopele trebuie depozitate \u00een mod corespunz\u0103tor pentru a-\u0219i p\u0103stra calit\u0103\u021bile \u0219i pentru a preveni deteriorarea. Rafturile pentru anvelope ofer\u0103 un loc sigur \u0219i durabil pentru depozitarea anvelopelor, care le protejeaz\u0103 de efectele umezelii, temperaturii, luminii \u0219i altor factori care le pot deteriora.<\/p><\/div><\/div>\t\t\t\t<\/div>\n\t\t\t\t<\/div>\n\t\t\t\t<\/div>\n\t\t<div class=\"elementor-element elementor-element-b143794 e-con-full e-flex e-con e-child\" data-id=\"b143794\" data-element_type=\"container\" data-e-type=\"container\">\n\t\t\t\t<div class=\"elementor-element elementor-element-a159a07 elementor-position-top elementor-widget elementor-widget-image-box\" data-id=\"a159a07\" data-element_type=\"widget\" data-e-type=\"widget\" data-widget_type=\"image-box.default\">\n\t\t\t\t<div class=\"elementor-widget-container\">\n\t\t\t\t\t<div class=\"elementor-image-box-wrapper\"><figure class=\"elementor-image-box-img\"><a href=\"https:\/\/staging1.zasklada.bg\/magazinni-stelaji\/\" tabindex=\"-1\"><img decoding=\"async\" src=\"https:\/\/staging1.zasklada.bg\/wp-content\/uploads\/elementor\/thumbs\/IMG_9276-1-1-min-qwjyym2l77gqy30u27tx69kchoxjwlpxptllr4awl0.webp\" title=\"IMG_9276-1-1-min.webp\" alt=\"\u043c\u0430\u0433\u0430\u0437\u0438\u043d\" class=\"elementor-animation-grow\" loading=\"lazy\" \/><\/a><\/figure><div class=\"elementor-image-box-content\"><h3 class=\"elementor-image-box-title\"><a href=\"https:\/\/staging1.zasklada.bg\/magazinni-stelaji\/\">Rafturi pentru magazine<\/a><\/h3><p class=\"elementor-image-box-description\">Rafturile sunt importante pentru magazinul dumneavoastr\u0103, deoarece v\u0103 ajut\u0103 s\u0103 v\u0103 organiza\u021bi \u0219i s\u0103 v\u0103 expune\u021bi produsele \u00eentr-un mod care s\u0103 le fac\u0103 u\u0219or accesibile \u0219i vizibile pentru clien\u021bii dumneavoastr\u0103. Acest lucru va ajuta la o mai bun\u0103 captare a aten\u021biei clien\u021bilor \u0219i va cre\u0219te probabilitatea ca ace\u0219tia s\u0103 v\u0103 cumpere produsele.<\/p><\/div><\/div>\t\t\t\t<\/div>\n\t\t\t\t<\/div>\n\t\t\t\t<\/div>\n\t\t\t\t<\/div>\n\t\t\t\t<div class=\"elementor-element elementor-element-d2dc83f elementor-widget elementor-widget-heading\" data-id=\"d2dc83f\" data-element_type=\"widget\" data-e-type=\"widget\" data-widget_type=\"heading.default\">\n\t\t\t\t<div class=\"elementor-widget-container\">\n\t\t\t\t\t<h3 class=\"elementor-heading-title elementor-size-default\">Vezi toate produsele noastre<\/h3>\t\t\t\t<\/div>\n\t\t\t\t<\/div>\n\t\t\t\t<div class=\"elementor-element elementor-element-281c1e5 elementor-align-center elementor-widget elementor-widget-button\" data-id=\"281c1e5\" data-element_type=\"widget\" data-e-type=\"widget\" data-widget_type=\"button.default\">\n\t\t\t\t<div class=\"elementor-widget-container\">\n\t\t\t\t\t\t\t\t\t<div class=\"elementor-button-wrapper\">\n\t\t\t\t\t<a class=\"elementor-button elementor-button-link elementor-size-sm\" href=\"https:\/\/staging1.zasklada.bg\/ro\/produkt-kategoriya\/vsichki\/\">\n\t\t\t\t\t\t<span class=\"elementor-button-content-wrapper\">\n\t\t\t\t\t\t\t\t\t<span class=\"elementor-button-text\">Magazin online<\/span>\n\t\t\t\t\t<\/span>\n\t\t\t\t\t<\/a>\n\t\t\t\t<\/div>\n\t\t\t\t\t\t\t\t<\/div>\n\t\t\t\t<\/div>\n\t\t\t\t<\/div>\n\t\t\t\t\t<\/div>\n\t\t\t\t<\/div>\n\t\t<div class=\"elementor-element elementor-element-fecc7dc e-flex e-con-boxed e-con e-parent\" data-id=\"fecc7dc\" data-element_type=\"container\" data-e-type=\"container\" data-settings=\"{&quot;background_background&quot;:&quot;classic&quot;}\">\n\t\t\t\t\t<div class=\"e-con-inner\">\n\t\t<div class=\"elementor-element elementor-element-2dfacdb e-con-full e-flex e-con e-child\" data-id=\"2dfacdb\" data-element_type=\"container\" data-e-type=\"container\">\n\t\t\t\t<div class=\"elementor-element elementor-element-c03be82 elementor-widget elementor-widget-heading\" data-id=\"c03be82\" data-element_type=\"widget\" data-e-type=\"widget\" data-widget_type=\"heading.default\">\n\t\t\t\t<div class=\"elementor-widget-container\">\n\t\t\t\t\t<h2 class=\"elementor-heading-title elementor-size-default\">Clien\u021bii no\u0219tri<\/h2>\t\t\t\t<\/div>\n\t\t\t\t<\/div>\n\t\t\t\t<div class=\"elementor-element elementor-element-48f2a14 elementor-widget elementor-widget-heading\" data-id=\"48f2a14\" data-element_type=\"widget\" data-e-type=\"widget\" data-widget_type=\"heading.default\">\n\t\t\t\t<div class=\"elementor-widget-container\">\n\t\t\t\t\t<h3 class=\"elementor-heading-title elementor-size-default\">\u00cencredere \u0219i valoare<\/h3>\t\t\t\t<\/div>\n\t\t\t\t<\/div>\n\t\t\t\t<div class=\"elementor-element elementor-element-af355c4 slider1 elementor-widget elementor-widget-image-carousel\" data-id=\"af355c4\" data-element_type=\"widget\" data-e-type=\"widget\" data-settings=\"{&quot;slides_to_show&quot;:&quot;4&quot;,&quot;navigation&quot;:&quot;none&quot;,&quot;slides_to_show_tablet&quot;:&quot;3&quot;,&quot;image_spacing_custom&quot;:{&quot;unit&quot;:&quot;px&quot;,&quot;size&quot;:53,&quot;sizes&quot;:[]},&quot;lazyload&quot;:&quot;yes&quot;,&quot;autoplay_speed&quot;:1200,&quot;speed&quot;:400,&quot;pause_on_hover&quot;:&quot;no&quot;,&quot;pause_on_interaction&quot;:&quot;no&quot;,&quot;autoplay&quot;:&quot;yes&quot;,&quot;infinite&quot;:&quot;yes&quot;,&quot;image_spacing_custom_tablet&quot;:{&quot;unit&quot;:&quot;px&quot;,&quot;size&quot;:&quot;&quot;,&quot;sizes&quot;:[]},&quot;image_spacing_custom_mobile&quot;:{&quot;unit&quot;:&quot;px&quot;,&quot;size&quot;:&quot;&quot;,&quot;sizes&quot;:[]}}\" data-widget_type=\"image-carousel.default\">\n\t\t\t\t<div class=\"elementor-widget-container\">\n\t\t\t\t\t\t\t<div class=\"elementor-image-carousel-wrapper swiper\" role=\"region\" aria-roledescription=\"carousel\" aria-label=\"\u0412\u044a\u0440\u0442\u0435\u043b\u0435\u0436\u043a\u0430 \u0441 \u0438\u0437\u043e\u0431\u0440\u0430\u0436\u0435\u043d\u0438\u044f\" dir=\"ltr\">\n\t\t\t<div class=\"elementor-image-carousel swiper-wrapper\" aria-live=\"off\">\n\t\t\t\t\t\t\t\t<div class=\"swiper-slide\" role=\"group\" aria-roledescription=\"slide\" aria-label=\"1 din 17\"><figure class=\"swiper-slide-inner\"><img class=\"swiper-slide-image swiper-lazy\" data-src=\"https:\/\/staging1.zasklada.bg\/wp-content\/uploads\/2024\/10\/logo0burger-300x78.webp\" alt=\"logo0burger.webp\" \/><div class=\"swiper-lazy-preloader\"><\/div><\/figure><\/div><div class=\"swiper-slide\" role=\"group\" aria-roledescription=\"slide\" aria-label=\"2 din 17\"><figure class=\"swiper-slide-inner\"><img class=\"swiper-slide-image swiper-lazy\" data-src=\"https:\/\/staging1.zasklada.bg\/wp-content\/uploads\/2024\/11\/logoicon-2-300x300.png\" alt=\"logoicon-2.png\" \/><div class=\"swiper-lazy-preloader\"><\/div><\/figure><\/div><div class=\"swiper-slide\" role=\"group\" aria-roledescription=\"slide\" aria-label=\"3 din 17\"><figure class=\"swiper-slide-inner\"><img class=\"swiper-slide-image swiper-lazy\" data-src=\"https:\/\/staging1.zasklada.bg\/wp-content\/uploads\/2024\/11\/store-otstypka-small-2.jpg\" alt=\"store-otstypka-small-2.jpg\" \/><div class=\"swiper-lazy-preloader\"><\/div><\/figure><\/div><div class=\"swiper-slide\" role=\"group\" aria-roledescription=\"slide\" aria-label=\"4 din 17\"><figure class=\"swiper-slide-inner\"><img class=\"swiper-slide-image swiper-lazy\" data-src=\"https:\/\/staging1.zasklada.bg\/wp-content\/uploads\/2025\/05\/In_Time_UPS-300x110.png\" alt=\"In_Time_UPS\" \/><div class=\"swiper-lazy-preloader\"><\/div><\/figure><\/div><div class=\"swiper-slide\" role=\"group\" aria-roledescription=\"slide\" aria-label=\"5 din 17\"><figure class=\"swiper-slide-inner\"><img class=\"swiper-slide-image swiper-lazy\" data-src=\"https:\/\/staging1.zasklada.bg\/wp-content\/uploads\/2025\/07\/logo_465x320-300x206.png\" alt=\"fitnes 1 logo\" \/><div class=\"swiper-lazy-preloader\"><\/div><\/figure><\/div><div class=\"swiper-slide\" role=\"group\" aria-roledescription=\"slide\" aria-label=\"6 din 17\"><figure class=\"swiper-slide-inner\"><img class=\"swiper-slide-image swiper-lazy\" data-src=\"https:\/\/staging1.zasklada.bg\/wp-content\/uploads\/2024\/11\/bestauto-logo-1619705927-300x72-2.png\" alt=\"bestauto-logo-1619705927-300x72-2.png\" \/><div class=\"swiper-lazy-preloader\"><\/div><\/figure><\/div><div class=\"swiper-slide\" role=\"group\" aria-roledescription=\"slide\" aria-label=\"7 din 17\"><figure class=\"swiper-slide-inner\"><img class=\"swiper-slide-image swiper-lazy\" data-src=\"https:\/\/staging1.zasklada.bg\/wp-content\/uploads\/2025\/04\/Logo_Bonanza_BG-300x120.webp\" alt=\"Logo_Bonanza_BG\" \/><div class=\"swiper-lazy-preloader\"><\/div><\/figure><\/div><div class=\"swiper-slide\" role=\"group\" aria-roledescription=\"slide\" aria-label=\"8 din 17\"><figure class=\"swiper-slide-inner\"><img class=\"swiper-slide-image swiper-lazy\" data-src=\"https:\/\/staging1.zasklada.bg\/wp-content\/uploads\/2024\/11\/Stroitelen-Hipermaket-Rila-Plovdiv__1_-removebg-preview-2.png\" alt=\"Stroitelen-Hipermaket-Rila-Plovdiv__1_-removebg-preview-2.png\" \/><div class=\"swiper-lazy-preloader\"><\/div><\/figure><\/div><div class=\"swiper-slide\" role=\"group\" aria-roledescription=\"slide\" aria-label=\"9 din 17\"><figure class=\"swiper-slide-inner\"><img class=\"swiper-slide-image swiper-lazy\" data-src=\"https:\/\/staging1.zasklada.bg\/wp-content\/uploads\/2024\/11\/logo-berezka-250-250-removebg-preview-2.png\" alt=\"logo-berezka-250-250-removebg-preview-2.png\" \/><div class=\"swiper-lazy-preloader\"><\/div><\/figure><\/div><div class=\"swiper-slide\" role=\"group\" aria-roledescription=\"slide\" aria-label=\"10 din 17\"><figure class=\"swiper-slide-inner\"><img class=\"swiper-slide-image swiper-lazy\" data-src=\"https:\/\/staging1.zasklada.bg\/wp-content\/uploads\/2024\/11\/0-02-05-8f06f6ed70eb7710ec31e2f28aa3e41c6ffe41109a0228f125a194ae7ba6d01c_d3796cbab6bf4d03-2-300x75.jpg\" alt=\"0-02-05-8f06f6ed70eb7710ec31e2f28aa3e41c6ffe41109a0228f125a194ae7ba6d01c_d3796cbab6bf4d03-2.jpg\" \/><div class=\"swiper-lazy-preloader\"><\/div><\/figure><\/div><div class=\"swiper-slide\" role=\"group\" aria-roledescription=\"slide\" aria-label=\"11 din 17\"><figure class=\"swiper-slide-inner\"><img class=\"swiper-slide-image swiper-lazy\" data-src=\"https:\/\/staging1.zasklada.bg\/wp-content\/uploads\/2024\/11\/0-02-05-c94eac5311eadcd1754a07b5c0d6a10e6de99db10399f825a9838ee468aa02f2_22f2e9e4a2affe7f-removebg-preview-1-2-300x150.png\" alt=\"0-02-05-c94eac5311eadcd1754a07b5c0d6a10e6de99db10399f825a9838ee468aa02f2_22f2e9e4a2affe7f-removebg-preview-1-2.png\" \/><div class=\"swiper-lazy-preloader\"><\/div><\/figure><\/div><div class=\"swiper-slide\" role=\"group\" aria-roledescription=\"slide\" aria-label=\"12 din 17\"><figure class=\"swiper-slide-inner\"><img class=\"swiper-slide-image swiper-lazy\" data-src=\"https:\/\/staging1.zasklada.bg\/wp-content\/uploads\/2024\/11\/viber_image_2023-07-27_16-06-51-116-removebg-preview.png\" alt=\"viber_image_2023-07-27_16-06-51-116-removebg-preview.png\" \/><div class=\"swiper-lazy-preloader\"><\/div><\/figure><\/div><div class=\"swiper-slide\" role=\"group\" aria-roledescription=\"slide\" aria-label=\"13 din 17\"><figure class=\"swiper-slide-inner\"><img class=\"swiper-slide-image swiper-lazy\" data-src=\"https:\/\/staging1.zasklada.bg\/wp-content\/uploads\/2024\/10\/viber_image_2023-07-27_16-06-51-851-300x78.jpg\" alt=\"viber_image_2023-07-27_16-06-51-851.jpg\" \/><div class=\"swiper-lazy-preloader\"><\/div><\/figure><\/div><div class=\"swiper-slide\" role=\"group\" aria-roledescription=\"slide\" aria-label=\"14 din 17\"><figure class=\"swiper-slide-inner\"><img class=\"swiper-slide-image swiper-lazy\" data-src=\"https:\/\/staging1.zasklada.bg\/wp-content\/uploads\/2024\/11\/viber_image_2023-07-27_16-06-55-207-removebg-preview.png\" alt=\"viber_image_2023-07-27_16-06-55-207-removebg-preview.png\" \/><div class=\"swiper-lazy-preloader\"><\/div><\/figure><\/div><div class=\"swiper-slide\" role=\"group\" aria-roledescription=\"slide\" aria-label=\"15 din 17\"><figure class=\"swiper-slide-inner\"><img class=\"swiper-slide-image swiper-lazy\" data-src=\"https:\/\/staging1.zasklada.bg\/wp-content\/uploads\/2024\/11\/viber_image_2023-07-27_16-06-54-167-removebg-preview.png\" alt=\"viber_image_2023-07-27_16-06-54-167-removebg-preview.png\" \/><div class=\"swiper-lazy-preloader\"><\/div><\/figure><\/div><div class=\"swiper-slide\" role=\"group\" aria-roledescription=\"slide\" aria-label=\"16 din 17\"><figure class=\"swiper-slide-inner\"><img class=\"swiper-slide-image swiper-lazy\" data-src=\"https:\/\/staging1.zasklada.bg\/wp-content\/uploads\/2024\/11\/viber_image_2023-07-27_16-06-53-642-removebg-preview.png\" alt=\"viber_image_2023-07-27_16-06-53-642-removebg-preview.png\" \/><div class=\"swiper-lazy-preloader\"><\/div><\/figure><\/div><div class=\"swiper-slide\" role=\"group\" aria-roledescription=\"slide\" aria-label=\"17 din 17\"><figure class=\"swiper-slide-inner\"><img class=\"swiper-slide-image swiper-lazy\" data-src=\"https:\/\/staging1.zasklada.bg\/wp-content\/uploads\/2024\/11\/viber_image_2023-07-27_16-06-52-474-removebg-preview.png\" alt=\"viber_image_2023-07-27_16-06-52-474-removebg-preview.png\" \/><div class=\"swiper-lazy-preloader\"><\/div><\/figure><\/div>\t\t\t<\/div>\n\t\t\t\t\t\t\t\n\t\t\t\t\t\t\t\t\t<\/div>\n\t\t\t\t\t\t<\/div>\n\t\t\t\t<\/div>\n\t\t\t\t<\/div>\n\t\t\t\t\t<\/div>\n\t\t\t\t<\/div>\n\t\t\t\t<\/div>\n\t\t","protected":false},"excerpt":{"rendered":"<p>Sisteme de rafturi Sisteme de rafturi metalice Rafturi pentru pale\u021bi Sistemele de rafturi pentru pale\u021bi sunt necesare dac\u0103 ave\u021bi nevoie [&hellip;]<\/p>\n","protected":false},"author":1,"featured_media":0,"parent":0,"menu_order":0,"comment_status":"closed","ping_status":"closed","template":"elementor_header_footer","meta":{"site-sidebar-layout":"no-sidebar","site-content-layout":"","ast-site-content-layout":"full-width-container","site-content-style":"default","site-sidebar-style":"default","ast-global-header-display":"","ast-banner-title-visibility":"","ast-main-header-display":"","ast-hfb-above-header-display":"","ast-hfb-below-header-display":"","ast-hfb-mobile-header-display":"","site-post-title":"disabled","ast-breadcrumbs-content":"","ast-featured-img":"disabled","footer-sml-layout":"","theme-transparent-header-meta":"","adv-header-id-meta":"","stick-header-meta":"","header-above-stick-meta":"","header-main-stick-meta":"","header-below-stick-meta":"","astra-migrate-meta-layouts":"default","ast-page-background-enabled":"default","ast-page-background-meta":{"desktop":{"background-color":"var(--ast-global-color-4)","background-image":"","background-repeat":"repeat","background-position":"center center","background-size":"auto","background-attachment":"scroll","background-type":"","background-media":"","overlay-type":"","overlay-color":"","overlay-opacity":"","overlay-gradient":""},"tablet":{"background-color":"","background-image":"","background-repeat":"repeat","background-position":"center center","background-size":"auto","background-attachment":"scroll","background-type":"","background-media":"","overlay-type":"","overlay-color":"","overlay-opacity":"","overlay-gradient":""},"mobile":{"background-color":"","background-image":"","background-repeat":"repeat","background-position":"center center","background-size":"auto","background-attachment":"scroll","background-type":"","background-media":"","overlay-type":"","overlay-color":"","overlay-opacity":"","overlay-gradient":""}},"ast-content-background-meta":{"desktop":{"background-color":"var(--ast-global-color-5)","background-image":"","background-repeat":"repeat","background-position":"center center","background-size":"auto","background-attachment":"scroll","background-type":"","background-media":"","overlay-type":"","overlay-color":"","overlay-opacity":"","overlay-gradient":""},"tablet":{"background-color":"var(--ast-global-color-5)","background-image":"","background-repeat":"repeat","background-position":"center center","background-size":"auto","background-attachment":"scroll","background-type":"","background-media":"","overlay-type":"","overlay-color":"","overlay-opacity":"","overlay-gradient":""},"mobile":{"background-color":"var(--ast-global-color-5)","background-image":"","background-repeat":"repeat","background-position":"center center","background-size":"auto","background-attachment":"scroll","background-type":"","background-media":"","overlay-type":"","overlay-color":"","overlay-opacity":"","overlay-gradient":""}},"footnotes":""},"class_list":["post-9836","page","type-page","status-publish","hentry"],"_links":{"self":[{"href":"https:\/\/staging1.zasklada.bg\/ro\/wp-json\/wp\/v2\/pages\/9836","targetHints":{"allow":["GET"]}}],"collection":[{"href":"https:\/\/staging1.zasklada.bg\/ro\/wp-json\/wp\/v2\/pages"}],"about":[{"href":"https:\/\/staging1.zasklada.bg\/ro\/wp-json\/wp\/v2\/types\/page"}],"author":[{"embeddable":true,"href":"https:\/\/staging1.zasklada.bg\/ro\/wp-json\/wp\/v2\/users\/1"}],"replies":[{"embeddable":true,"href":"https:\/\/staging1.zasklada.bg\/ro\/wp-json\/wp\/v2\/comments?post=9836"}],"version-history":[{"count":3,"href":"https:\/\/staging1.zasklada.bg\/ro\/wp-json\/wp\/v2\/pages\/9836\/revisions"}],"predecessor-version":[{"id":11527,"href":"https:\/\/staging1.zasklada.bg\/ro\/wp-json\/wp\/v2\/pages\/9836\/revisions\/11527"}],"wp:attachment":[{"href":"https:\/\/staging1.zasklada.bg\/ro\/wp-json\/wp\/v2\/media?parent=9836"}],"curies":[{"name":"wp","href":"https:\/\/api.w.org\/{rel}","templated":true}]}}